{"id":1624,"date":"2016-11-11T09:39:59","date_gmt":"2016-11-11T08:39:59","guid":{"rendered":"http:\/\/ngl.mpsmedia.de\/?page_id=1624"},"modified":"2018-05-07T13:51:56","modified_gmt":"2018-05-07T11:51:56","slug":"impressum","status":"publish","type":"page","link":"https:\/\/www.ngl-germany.eu\/en\/impressum\/","title":{"rendered":"Imprint"},"content":{"rendered":"<div class=\"wpb-content-wrapper\"><p>[vc_row][vc_column][vc_column_text]<\/p>\n<h2>NGL Navigator Global Logistics GmbH<\/h2>\n<p>Lohstrasse 33<br \/>\nD-85445 Schwaig (Airport Munich)<br \/>\nPhone: +49 (0) 8122 &#8211; 18 779-0<br \/>\nFax: +49 (0) 8122 &#8211; 18 779-99<\/p>\n<p>Managing Director:<br \/>\nMathias Brosowsky<\/p>\n<p>Registered: Munich, HRB 167673 Munich<\/p>\n<p>Ust-Id.Nr.: DE814839526<br \/>\nSt.Nr.: 114\/133\/30264<\/p>\n<p>&nbsp;<\/p>\n<h2><span id=\"result_box\" class=\"\" lang=\"en\"><span class=\"\">Disclaimer of liability:<\/span><\/span><\/h2>\n<p><span id=\"result_box\" class=\"\" lang=\"en\"><span class=\"\">By the verdict of 12 May 1998, the Landgericht Hamburg ruled that by attaching a link, the content of the linked pages may also be responsible.<\/span> <span class=\"\">This can only be prevented by expressly distancing oneself from this content.<\/span><br \/>\n<span class=\"\">The following applies to all links on this homepage: We hereby expressly dissociate ourselves from all contents of all linked pages on our homepage and do not adopt these contents as our own.<\/span><\/span><\/p>\n<p><a href=\"mailto:info@ngl-germany.eu\">info@ngl-germany.eu<\/a><\/p>\n<p><!--\n&nbsp;\n\n\n<h2>Legal (Disclaimer):<\/h2>\n\n\n<span id=\"result_box\" class=\"\" lang=\"en\"><span class=\"\">By the verdict of 12 May 1998, the Landgericht Hamburg ruled that by placing a link, the contents of the linked pages may be responsible.<\/span> <span class=\"\">This can only be prevented by expressly distancing oneself from this content.<\/span>\n<span class=\"\">The following applies to all links on this homepage: We hereby expressly dissociate ourselves from all contents of all linked pages on our homepage and do not adopt these contents as our own.<\/span><\/span>\n\n<a href=\"mailto:info@ngl-germany.eu\">info@ngl-germany.eu<\/a> --><\/p>\n<h2>Legal<\/h2>\n<p>The information on these websites is constantly checked and updated by NGL Navigator Global Logistics GmbH. Despite all due diligence, however, information may have changed in the meantime. Liability or guarantee for the timeliness, correctness and completeness of the provided information can therefore not be accepted. The same applies to all websites to which a hyperlink is referred. NGL Navigator Global Logistics GmbH is not responsible for the content of websites that are reached with such a connection. Furthermore, NGL Navigator Global Logistics GmbH reserves the right to make changes or additions to the information provided. The content and structure of the Internet pages of NGL Navigator Global Logistics GmbH are protected by copyright. The reproduction of information or data, in particular the use of texts, text parts or images requires the prior approval of NGL Navigator Global Logistics GmbH.<\/p>\n<h2>Use of cookies<\/h2>\n<p>On our web pages, we use cookies in order to offer you an optimal and user-friendly visit. These cookies neither contain personal data nor are they combined with us by other data in order to personally identify you. We also use an analysis tool that also works with cookies.<\/p>\n<h2>Google Analytics<\/h2>\n<p>&#8220;This website uses Google Analytics, a web analytics service provided by Google, Inc. (Google) Google Analytics uses so-called cookies, text files that are stored on your computer and which allow you to analyze the use of the website. The information on your use of this website (including your IP address) generated by the cookie is transmitted to a Google server in the USA and stored there. Google will use this information to evaluate your use of the website, to compile reports on website activity for website operators, and to provide other services related to web usage and internet usage. Google may also transfer this information to third parties, provided this is required by law or if third parties process this data on behalf of Google. Google will under no circumstances associate your IP address with other Google data. You can prevent the installation of cookies by setting your browser software accordingly; however, we would point out that in this case you may not be able to fully utilize all the functions of this website. By using this website, you agree to the processing of the data about you by Google in the manner and for the purposes set out above. &#8221;<\/p>\n<h2>Browser add-on to disable Google Analytics<\/h2>\n<p>The browser add-on for disabling Google Analytics gives the site visitor more control over what data is collected on Google Analytics called sites. The add-on notifies Google Analytics JavaScript (ga.js) not to provide any information about the site visit to Google Analytics. If you want to use this feature, download the add-on and install it for your current web browser. The browser add-on for disabling Google Analytics is available for Internet Explorer, Google Chrome, Mozilla Firefox Apple Safari, and Opera.<\/p>\n<p>Link: <strong><a href=\"https:\/\/tools.google.com\/dlpage\/gaoptout?hl=de\" target=\"_blank\" rel=\"noopener noreferrer\">Browser-Add-onClick<\/a><\/strong>[\/vc_column_text][\/vc_column][\/vc_row]<\/p>\n<\/div>","protected":false},"excerpt":{"rendered":"<p>[vc_row][vc_column][vc_column_text] NGL Navigator Global Logistics GmbH Lohstrasse 33 D-85445 Schwaig (Airport Munich) Phone: +49 (0) 8122 &#8211; 18 779-0 Fax: +49 (0) 8122 &#8211; 18 779-99 Managing Director: Mathias Brosowsky Registered: Munich, HRB&#8230;<\/p>\n","protected":false},"author":1,"featured_media":0,"parent":0,"menu_order":0,"comment_status":"closed","ping_status":"closed","template":"","meta":{"_acf_changed":false,"footnotes":""},"class_list":["post-1624","page","type-page","status-publish","hentry"],"acf":[],"yoast_head":"<!-- This site is optimized with the Yoast SEO plugin v27.0 - https:\/\/yoast.com\/product\/yoast-seo-wordpress\/ -->\n<title>Impressum - NGL Navigator Global Logistics GmbH<\/title>\n<meta name=\"description\" content=\"Lohstrasse 33 D-85445 Schwaig (Flughafen M\u00fcnchen) Tel.: +49 (0) 8122 - 18 779-0 Fax: +49 (0) 8122 - 18 779-99 Gesch\u00e4ftsf\u00fchrer: Mathias Brosowsky\" \/>\n<meta name=\"robots\" content=\"index, follow, max-snippet:-1, max-image-preview:large, max-video-preview:-1\" \/>\n<link rel=\"canonical\" href=\"https:\/\/www.ngl-germany.eu\/de\/impressum\/\" \/>\n<meta property=\"og:locale\" content=\"en_US\" \/>\n<meta property=\"og:type\" content=\"article\" \/>\n<meta property=\"og:title\" content=\"Impressum - NGL Navigator Global Logistics GmbH\" \/>\n<meta property=\"og:description\" content=\"Lohstrasse 33 D-85445 Schwaig (Flughafen M\u00fcnchen) Tel.: +49 (0) 8122 - 18 779-0 Fax: +49 (0) 8122 - 18 779-99 Gesch\u00e4ftsf\u00fchrer: Mathias Brosowsky\" \/>\n<meta property=\"og:url\" content=\"https:\/\/www.ngl-germany.eu\/de\/impressum\/\" \/>\n<meta property=\"og:site_name\" content=\"NGL Navigator Global Logistics GmbH\" \/>\n<meta property=\"article:modified_time\" content=\"2018-05-07T11:51:56+00:00\" \/>\n<meta name=\"twitter:card\" content=\"summary_large_image\" \/>\n<meta name=\"twitter:label1\" content=\"Est. reading time\" \/>\n\t<meta name=\"twitter:data1\" content=\"6 minutes\" \/>\n<script type=\"application\/ld+json\" class=\"yoast-schema-graph\">{\"@context\":\"https:\/\/schema.org\",\"@graph\":[{\"@type\":\"WebPage\",\"@id\":\"https:\/\/www.ngl-germany.eu\/de\/impressum\/\",\"url\":\"https:\/\/www.ngl-germany.eu\/de\/impressum\/\",\"name\":\"Impressum - NGL Navigator Global Logistics GmbH\",\"isPartOf\":{\"@id\":\"https:\/\/www.ngl-germany.eu\/de\/#website\"},\"datePublished\":\"2016-11-11T08:39:59+00:00\",\"dateModified\":\"2018-05-07T11:51:56+00:00\",\"description\":\"Lohstrasse 33 D-85445 Schwaig (Flughafen M\u00fcnchen) Tel.: +49 (0) 8122 - 18 779-0 Fax: +49 (0) 8122 - 18 779-99 Gesch\u00e4ftsf\u00fchrer: Mathias Brosowsky\",\"breadcrumb\":{\"@id\":\"https:\/\/www.ngl-germany.eu\/de\/impressum\/#breadcrumb\"},\"inLanguage\":\"en-US\",\"potentialAction\":[{\"@type\":\"ReadAction\",\"target\":[\"https:\/\/www.ngl-germany.eu\/de\/impressum\/\"]}]},{\"@type\":\"BreadcrumbList\",\"@id\":\"https:\/\/www.ngl-germany.eu\/de\/impressum\/#breadcrumb\",\"itemListElement\":[{\"@type\":\"ListItem\",\"position\":1,\"name\":\"Startseite\",\"item\":\"https:\/\/www.ngl-germany.eu\/\"},{\"@type\":\"ListItem\",\"position\":2,\"name\":\"Impressum\"}]},{\"@type\":\"WebSite\",\"@id\":\"https:\/\/www.ngl-germany.eu\/de\/#website\",\"url\":\"https:\/\/www.ngl-germany.eu\/de\/\",\"name\":\"NGL Navigator Global Logistics GmbH\",\"description\":\"MORE PERFORMANCE - MORE SUCCESS\",\"publisher\":{\"@id\":\"https:\/\/www.ngl-germany.eu\/de\/#organization\"},\"potentialAction\":[{\"@type\":\"SearchAction\",\"target\":{\"@type\":\"EntryPoint\",\"urlTemplate\":\"https:\/\/www.ngl-germany.eu\/de\/?s={search_term_string}\"},\"query-input\":{\"@type\":\"PropertyValueSpecification\",\"valueRequired\":true,\"valueName\":\"search_term_string\"}}],\"inLanguage\":\"en-US\"},{\"@type\":\"Organization\",\"@id\":\"https:\/\/www.ngl-germany.eu\/de\/#organization\",\"name\":\"NGL Navigator Global Logistics GmbH\",\"url\":\"https:\/\/www.ngl-germany.eu\/de\/\",\"logo\":{\"@type\":\"ImageObject\",\"inLanguage\":\"en-US\",\"@id\":\"https:\/\/www.ngl-germany.eu\/de\/#\/schema\/logo\/image\/\",\"url\":\"https:\/\/www.ngl-germany.eu\/wp-content\/uploads\/2016\/11\/ngl_logo_seite.jpg\",\"contentUrl\":\"https:\/\/www.ngl-germany.eu\/wp-content\/uploads\/2016\/11\/ngl_logo_seite.jpg\",\"width\":524,\"height\":171,\"caption\":\"NGL Navigator Global Logistics GmbH\"},\"image\":{\"@id\":\"https:\/\/www.ngl-germany.eu\/de\/#\/schema\/logo\/image\/\"}}]}<\/script>\n<!-- \/ Yoast SEO plugin. -->","yoast_head_json":{"title":"Impressum - NGL Navigator Global Logistics GmbH","description":"Lohstrasse 33 D-85445 Schwaig (Flughafen M\u00fcnchen) Tel.: +49 (0) 8122 - 18 779-0 Fax: +49 (0) 8122 - 18 779-99 Gesch\u00e4ftsf\u00fchrer: Mathias Brosowsky","robots":{"index":"index","follow":"follow","max-snippet":"max-snippet:-1","max-image-preview":"max-image-preview:large","max-video-preview":"max-video-preview:-1"},"canonical":"https:\/\/www.ngl-germany.eu\/de\/impressum\/","og_locale":"en_US","og_type":"article","og_title":"Impressum - NGL Navigator Global Logistics GmbH","og_description":"Lohstrasse 33 D-85445 Schwaig (Flughafen M\u00fcnchen) Tel.: +49 (0) 8122 - 18 779-0 Fax: +49 (0) 8122 - 18 779-99 Gesch\u00e4ftsf\u00fchrer: Mathias Brosowsky","og_url":"https:\/\/www.ngl-germany.eu\/de\/impressum\/","og_site_name":"NGL Navigator Global Logistics GmbH","article_modified_time":"2018-05-07T11:51:56+00:00","twitter_card":"summary_large_image","twitter_misc":{"Est. reading time":"6 minutes"},"schema":{"@context":"https:\/\/schema.org","@graph":[{"@type":"WebPage","@id":"https:\/\/www.ngl-germany.eu\/de\/impressum\/","url":"https:\/\/www.ngl-germany.eu\/de\/impressum\/","name":"Impressum - NGL Navigator Global Logistics GmbH","isPartOf":{"@id":"https:\/\/www.ngl-germany.eu\/de\/#website"},"datePublished":"2016-11-11T08:39:59+00:00","dateModified":"2018-05-07T11:51:56+00:00","description":"Lohstrasse 33 D-85445 Schwaig (Flughafen M\u00fcnchen) Tel.: +49 (0) 8122 - 18 779-0 Fax: +49 (0) 8122 - 18 779-99 Gesch\u00e4ftsf\u00fchrer: Mathias Brosowsky","breadcrumb":{"@id":"https:\/\/www.ngl-germany.eu\/de\/impressum\/#breadcrumb"},"inLanguage":"en-US","potentialAction":[{"@type":"ReadAction","target":["https:\/\/www.ngl-germany.eu\/de\/impressum\/"]}]},{"@type":"BreadcrumbList","@id":"https:\/\/www.ngl-germany.eu\/de\/impressum\/#breadcrumb","itemListElement":[{"@type":"ListItem","position":1,"name":"Startseite","item":"https:\/\/www.ngl-germany.eu\/"},{"@type":"ListItem","position":2,"name":"Impressum"}]},{"@type":"WebSite","@id":"https:\/\/www.ngl-germany.eu\/de\/#website","url":"https:\/\/www.ngl-germany.eu\/de\/","name":"NGL Navigator Global Logistics GmbH","description":"MORE PERFORMANCE - MORE SUCCESS","publisher":{"@id":"https:\/\/www.ngl-germany.eu\/de\/#organization"},"potentialAction":[{"@type":"SearchAction","target":{"@type":"EntryPoint","urlTemplate":"https:\/\/www.ngl-germany.eu\/de\/?s={search_term_string}"},"query-input":{"@type":"PropertyValueSpecification","valueRequired":true,"valueName":"search_term_string"}}],"inLanguage":"en-US"},{"@type":"Organization","@id":"https:\/\/www.ngl-germany.eu\/de\/#organization","name":"NGL Navigator Global Logistics GmbH","url":"https:\/\/www.ngl-germany.eu\/de\/","logo":{"@type":"ImageObject","inLanguage":"en-US","@id":"https:\/\/www.ngl-germany.eu\/de\/#\/schema\/logo\/image\/","url":"https:\/\/www.ngl-germany.eu\/wp-content\/uploads\/2016\/11\/ngl_logo_seite.jpg","contentUrl":"https:\/\/www.ngl-germany.eu\/wp-content\/uploads\/2016\/11\/ngl_logo_seite.jpg","width":524,"height":171,"caption":"NGL Navigator Global Logistics GmbH"},"image":{"@id":"https:\/\/www.ngl-germany.eu\/de\/#\/schema\/logo\/image\/"}}]}},"_links":{"self":[{"href":"https:\/\/www.ngl-germany.eu\/en\/wp-json\/wp\/v2\/pages\/1624","targetHints":{"allow":["GET"]}}],"collection":[{"href":"https:\/\/www.ngl-germany.eu\/en\/wp-json\/wp\/v2\/pages"}],"about":[{"href":"https:\/\/www.ngl-germany.eu\/en\/wp-json\/wp\/v2\/types\/page"}],"author":[{"embeddable":true,"href":"https:\/\/www.ngl-germany.eu\/en\/wp-json\/wp\/v2\/users\/1"}],"replies":[{"embeddable":true,"href":"https:\/\/www.ngl-germany.eu\/en\/wp-json\/wp\/v2\/comments?post=1624"}],"version-history":[{"count":0,"href":"https:\/\/www.ngl-germany.eu\/en\/wp-json\/wp\/v2\/pages\/1624\/revisions"}],"wp:attachment":[{"href":"https:\/\/www.ngl-germany.eu\/en\/wp-json\/wp\/v2\/media?parent=1624"}],"curies":[{"name":"wp","href":"https:\/\/api.w.org\/{rel}","templated":true}]}}