{"id":1488,"date":"2016-11-09T09:55:47","date_gmt":"2016-11-09T08:55:47","guid":{"rendered":"http:\/\/ngl.mpsmedia.de\/?page_id=1488"},"modified":"2025-12-17T14:52:15","modified_gmt":"2025-12-17T13:52:15","slug":"niederlassung-muenchen","status":"publish","type":"page","link":"https:\/\/www.ngl-germany.eu\/en\/niederlassung-muenchen\/","title":{"rendered":"Branch Office Munich"},"content":{"rendered":"<div class=\"wpb-content-wrapper\"><p>[vc_row][vc_column width=&#8221;2\/3&#8243;][vc_column_text]<\/p>\n<h2>NGL Munich<\/h2>\n<p>[\/vc_column_text][vc_single_image image=&#8221;2251&#8243; img_size=&#8221;full&#8221;][vc_row_inner][vc_column_inner width=&#8221;1\/2&#8243;][vc_column_text]The Munich metropolitan area is one of the most successful economic regions in the whole of Europe and, at the same time, Germany\u2019s city with the highest economic power. In our own facilities at Munich airport, which we have just moved into (3,000 m\u00b2 of heated storage space), we are in a position to offer our customers the services of a logistics provider operating globally and whose main focus is on air and sea freight.[\/vc_column_text][\/vc_column_inner][vc_column_inner width=&#8221;1\/2&#8243;][vc_column_text css=&#8221;&#8221;]NGL Navigator Global Logistics GmbH<br \/>\nLohstra\u00dfe 33<br \/>\nD-85445 Schwaig<br \/>\nPhone: +49 8122 18779-0<br \/>\n<a href=\"mailto:info.schwaig@ngl-germany.eu\">info.schwaig@ngl-germany.eu<\/a><\/p>\n<p>Your direct contact person:<br \/>\nMichael Hafenbradl[\/vc_column_text][\/vc_column_inner][\/vc_row_inner][\/vc_column][vc_column width=&#8221;1\/3&#8243;][vc_column_text]<\/p>\n<h2>Contact form<\/h2>\n<p>[\/vc_column_text]\n<div class=\"wpcf7 no-js\" id=\"wpcf7-f2370-o2\" lang=\"de-DE\" dir=\"ltr\" data-wpcf7-id=\"2370\">\n<div class=\"screen-reader-response\"><p role=\"status\" aria-live=\"polite\" aria-atomic=\"true\"><\/p> <ul><\/ul><\/div>\n<form action=\"\/en\/wp-json\/wp\/v2\/pages\/1488#wpcf7-f2370-o2\" method=\"post\" class=\"wpcf7-form init\" aria-label=\"Kontaktformular\" novalidate=\"novalidate\" data-status=\"init\">\n<fieldset class=\"hidden-fields-container\"><input type=\"hidden\" name=\"_wpcf7\" value=\"2370\" \/><input type=\"hidden\" name=\"_wpcf7_version\" value=\"6.1.5\" \/><input type=\"hidden\" name=\"_wpcf7_locale\" value=\"de_DE\" \/><input type=\"hidden\" name=\"_wpcf7_unit_tag\" value=\"wpcf7-f2370-o2\" \/><input type=\"hidden\" name=\"_wpcf7_container_post\" value=\"0\" \/><input type=\"hidden\" name=\"_wpcf7_posted_data_hash\" value=\"\" \/><input type=\"hidden\" name=\"_wpcf7_recaptcha_response\" value=\"\" \/>\n<\/fieldset>\n<p><label> Your name*<br \/>\n<span class=\"wpcf7-form-control-wrap\" data-name=\"your-name\"><input size=\"40\" maxlength=\"400\" class=\"wpcf7-form-control wpcf7-text wpcf7-validates-as-required\" aria-required=\"true\" aria-invalid=\"false\" value=\"\" type=\"text\" name=\"your-name\" \/><\/span> <\/label>\n<\/p>\n<p><label> Your email*<br \/>\n<span class=\"wpcf7-form-control-wrap\" data-name=\"your-email\"><input size=\"40\" maxlength=\"400\" class=\"wpcf7-form-control wpcf7-email wpcf7-validates-as-required wpcf7-text wpcf7-validates-as-email\" aria-required=\"true\" aria-invalid=\"false\" value=\"\" type=\"email\" name=\"your-email\" \/><\/span> <\/label>\n<\/p>\n<p><label> Your subject<br \/>\n<span class=\"wpcf7-form-control-wrap\" data-name=\"your-subject\"><input size=\"40\" maxlength=\"400\" class=\"wpcf7-form-control wpcf7-text\" aria-invalid=\"false\" value=\"\" type=\"text\" name=\"your-subject\" \/><\/span> <\/label>\n<\/p>\n<p><label> Your message<br \/>\n<span class=\"wpcf7-form-control-wrap\" data-name=\"your-message\"><textarea cols=\"40\" rows=\"10\" maxlength=\"2000\" class=\"wpcf7-form-control wpcf7-textarea\" aria-invalid=\"false\" name=\"your-message\"><\/textarea><\/span> <\/label>\n<\/p>\n<div class=\"kontakt_checkbox_datenschutz\" style=\"display: flex; justify-content: flex-start;\">\n\t<div style=\"margin-right: 13px;\">\n\t\t<p><span class=\"wpcf7-form-control-wrap\" data-name=\"acceptance-769\"><span class=\"wpcf7-form-control wpcf7-acceptance\"><span class=\"wpcf7-list-item\"><input type=\"checkbox\" name=\"acceptance-769\" value=\"1\" class=\"m01\" aria-invalid=\"false\" \/><\/span><\/span><\/span>\n\t\t<\/p>\n\t<\/div>\n\t<div style=\"line-height: 17px;\">\n\t\t<p><a href=\"\/en\/datenschutzerklaerung\/\">Privacy policy<\/a> accepted.\n\t\t<\/p>\n\t<\/div>\n<\/div>\n<div style=\"height:23px;\">\n<\/div>\n<p><span id=\"wpcf7-69e2259fc531a-wrapper\" class=\"wpcf7-form-control-wrap age-wrap\" style=\"display:none !important; visibility:hidden !important;\"><label for=\"wpcf7-69e2259fc531a-field\" class=\"hp-message\">Bitte lasse dieses Feld leer.<\/label><input id=\"wpcf7-69e2259fc531a-field\"  class=\"wpcf7-form-control wpcf7-text\" type=\"text\" name=\"age\" value=\"\" size=\"40\" tabindex=\"-1\" autocomplete=\"new-password\" \/><\/span><br \/>\n<button class=\"button size-sm fullwidth white-text theme-wpcf7-submit\">Submit <i class=\"stm-arrow-next\"><\/i><\/button>\n<\/p><input type='hidden' class='wpcf7-pum' value='{\"closepopup\":false,\"closedelay\":0,\"openpopup\":false,\"openpopup_id\":0}' \/><div class=\"wpcf7-response-output\" aria-hidden=\"true\"><\/div>\n<\/form>\n<\/div>\n[\/vc_column][\/vc_row][vc_row full_width=&#8221;stretch_row_content&#8221; el_id=&#8221;refreshmap&#8221; el_class=&#8221;buttonbackbar&#8221; css=&#8221;.vc_custom_1574781731588{margin-top: 50px !important;}&#8221;][vc_column][vc_raw_html css=&#8221;.vc_custom_1574780785333{margin-top: 15px !important;margin-bottom: 15px !important;}&#8221;]JTNDYSUyMGNsYXNzJTNEJTIyYnV0dG9ucmVmcmVzaCUyMiUyMGhyZWYlM0QlMjIlMjNyZWZyZXNobWFwJTIyJTIwb25jbGljayUzRCUyMmxvY2F0aW9uLnJlbG9hZCUyOCUyOSUyMiUzRSUwQSUwQSUwQSUzQ2ltZyUyMHNyYyUzRCUyMiUyRndwLWNvbnRlbnQlMkZ1cGxvYWRzJTJGMjAxOSUyRjExJTJGYWxsLWxvY2F0aW9ucy1idXR0b24ucG5nJTIyJTIwJTBBc3R5bGUlM0QlMjJtYXJnaW4lM0ElMjAwJTIwYXV0byUyMCUyMWltcG9ydGFudCUzQiUwQWRpc3BsYXklM0ElMjBibG9jayUzQiUwQXdpZHRoJTNBJTIwMTcwcHglM0IlMEFtYXJnaW4tYm90dG9tJTNBJTIwLTE1cHglMjAlMjFpbXBvcnRhbnQlM0IlMEFtYXJnaW4tdG9wJTNBJTIwLTVweCUyMCUyMWltcG9ydGFudCUzQiUyMiUwQSUyRiUzRSUwQSUwQSUzQyUyRmElM0U=[\/vc_raw_html][\/vc_column][\/vc_row][vc_row][vc_column][vc_raw_js][\/vc_raw_js][\/vc_column][\/vc_row][vc_row full_width=&#8221;stretch_row_content_no_spaces&#8221; el_class=&#8221;homemap&#8221; css=&#8221;.vc_custom_1574780354915{margin-top: 0px !important;margin-bottom: 0px !important;padding-bottom: 0px !important;}&#8221;][vc_column][vc_column_text css=&#8221;&#8221;]\n    <script src=\"https:\/\/maps.googleapis.com\/maps\/api\/js?key=AIzaSyDhIRZVYPgP-2y_wEZB64gv6z4CDad-Iws&region=MA\" defer><\/script>\n    <script src=\"https:\/\/unpkg.com\/@googlemaps\/markerclusterer\/dist\/index.min.js\"><\/script>\n    <style>\n        #map {\n            height: 600px;\n        }\n    <\/style>\n    <div id=\"map\"><\/div>\n    <script>\n    async function initMap() {\n        var map = new google.maps.Map(document.getElementById(\"map\"), {\n            zoom: 6,\n            center: { lat: 51.10134877540362, lng: 7.29357900848042 },\n            styles: [{\"featureType\":\"water\",\"elementType\":\"geometry.fill\",\"stylers\":[{\"color\":\"#d3d3d3\"}]},{\"featureType\":\"transit\",\"stylers\":[{\"color\":\"#808080\"},{\"visibility\":\"off\"}]},{\"featureType\":\"road.highway\",\"elementType\":\"geometry.stroke\",\"stylers\":[{\"visibility\":\"on\"},{\"color\":\"#b3b3b3\"}]},{\"featureType\":\"road.highway\",\"elementType\":\"geometry.fill\",\"stylers\":[{\"color\":\"#ffffff\"}]},{\"featureType\":\"road.local\",\"elementType\":\"geometry.fill\",\"stylers\":[{\"visibility\":\"on\"},{\"color\":\"#ffffff\"},{\"weight\":1.8}]},{\"featureType\":\"road.local\",\"elementType\":\"geometry.stroke\",\"stylers\":[{\"color\":\"#d7d7d7\"}]},{\"featureType\":\"poi\",\"elementType\":\"geometry.fill\",\"stylers\":[{\"visibility\":\"on\"},{\"color\":\"#ebebeb\"}]},{\"featureType\":\"administrative\",\"elementType\":\"geometry\",\"stylers\":[{\"color\":\"#a7a7a7\"}]},{\"featureType\":\"road.arterial\",\"elementType\":\"geometry.fill\",\"stylers\":[{\"color\":\"#ffffff\"}]},{\"featureType\":\"road.arterial\",\"elementType\":\"geometry.fill\",\"stylers\":[{\"color\":\"#ffffff\"}]},{\"featureType\":\"landscape\",\"elementType\":\"geometry.fill\",\"stylers\":[{\"visibility\":\"on\"},{\"color\":\"#efefef\"}]},{\"featureType\":\"road\",\"elementType\":\"labels.text.fill\",\"stylers\":[{\"color\":\"#696969\"}]},{\"featureType\":\"administrative\",\"elementType\":\"labels.text.fill\",\"stylers\":[{\"visibility\":\"on\"},{\"color\":\"#737373\"}]},{\"featureType\":\"poi\",\"elementType\":\"labels.icon\",\"stylers\":[{\"visibility\":\"off\"}]},{\"featureType\":\"poi\",\"elementType\":\"labels\",\"stylers\":[{\"visibility\":\"off\"}]},{\"featureType\":\"road.arterial\",\"elementType\":\"geometry.stroke\",\"stylers\":[{\"color\":\"#d6d6d6\"}]},{\"featureType\":\"road\",\"elementType\":\"labels.icon\",\"stylers\":[{\"visibility\":\"off\"}]},[],{\"featureType\":\"poi\",\"elementType\":\"geometry.fill\",\"stylers\":[{\"color\":\"#dadada\"}]}]\n        });\n\n        var infoWindow = new google.maps.InfoWindow();\n\n        var markerIcon = \"https:\/\/www.ngl-gondrand-group.com\/wp-content\/uploads\/2019\/03\/gondrand_pin_google_map_blau.png\";\n        var specialMarkerIcon1 = \"https:\/\/www.ngl-gondrand-group.com\/wp-content\/uploads\/2019\/03\/monnard_monfreight_pin_google_map_hellblau.png\";\n        var specialMarkerIcon2 = \"https:\/\/www.ngl-gondrand-group.com\/wp-content\/uploads\/2019\/03\/ngl_pin_google_map.png\";\n        var specialMarkerIcon3 = \"https:\/\/www.ngl-gondrand-group.com\/wp-content\/uploads\/2024\/10\/ngl_monnard_monfreight_pin_google_map_hellblau.png\";\n        var specialMarkerIcon4 = \"https:\/\/www.ngl-gondrand-group.com\/wp-content\/uploads\/2025\/10\/cargo_flores_pin_google_map_weinrot.png\";\n\n        const excludedLocations = [\n        \"NGL Mexico\", \"NGL Czech\", \"NGL Hamburg\", \"NGL Hannover\",  \"NGL Dresden\",\n        \"NGL Munster\", \"NGL DUSSELDORF\", \"NGL Frankfurt am Main\", \n        \"NGL Stuttgart\", \"NGL Munich Headoffice\", \"Cargo Flores S.A. Headquarters\", \"Cargo Flores Airport Office\", \"Cargo Flores Valencia Offices\", \"NGL Hamburg (Warehouse-Logistics)\"\n    ];\n\n    const response = await fetch(\"https:\/\/www.ngl-germany.eu\/locations.json\");\n    const locations = await response.json();\n\n    \/\/ Arrays f\u00fcr clusterbare und nicht clusterbare Marker\n    const clusterMarkers = [];\n    const nonClusterMarkers = [];\n\n    locations.forEach((location) => {\n        let icon = markerIcon;\n\n        if (location.title === \"MONFREIGHT INC. BOSTON\" || location.title === \"Monnard\") {\n            icon = specialMarkerIcon1;\n        }\n\n        \nif (location.title === \"Cargo Flores S.A. - Barcelona Headquarters\") {\n            icon = specialMarkerIcon4;\n        }\n\n                if (location.title === \"Cargo Flores - Valencia Office\") {\n            icon = specialMarkerIcon4;\n        }\n\n                        if (location.title === \"Cargo Flores - Barcelona Airport Office\") {\n            icon = specialMarkerIcon4;\n        }\n\n        if (location.title === \"NGL Bremen\") {\n            icon = specialMarkerIcon3;\n        }\n\n        if (excludedLocations.includes(location.title)) {\n            icon = specialMarkerIcon2;\n        }\n\n        const marker = new google.maps.Marker({\n            position: { lat: location.lat, lng: location.lng },\n            title: location.title,\n            icon: icon\n        });\n\n        marker.addListener(\"click\", function() {\n            var infoWindowContent = `\n                <div class=\"info-window\">\n                    <b>${location.title}<\/b><br><br>\n                    ${location.description}\n                <\/div>\n            `;\n            infoWindow.setContent(infoWindowContent);\n            infoWindow.open(map, marker);\n        });\n\n        \/\/ Zu `nonClusterMarkers` oder `clusterMarkers` hinzuf\u00fcgen\n        if (excludedLocations.includes(location.title)) {\n            nonClusterMarkers.push(marker);\n        } else {\n            clusterMarkers.push(marker);\n        }\n    });\n\n    \/\/ Cluster-Icon\n    var clusterIcon = \"https:\/\/www.ngl-gondrand-group.com\/wp-content\/plugins\/wp-google-map-gold\/assets\/images\/m1.png\";\n\n    \/\/ Cluster nur f\u00fcr clusterbare Marker erstellen\n    new markerClusterer.MarkerClusterer({\n        map,\n        markers: clusterMarkers,\n        gridSize: 60,\n        minimumClusterSize: 3,\n        renderer: {\n            render: function ({ count, position }) {\n                return new google.maps.Marker({\n                    position: position,\n                    icon: {\n                        url: clusterIcon,\n                        size: new google.maps.Size(60, 60),\n                        origin: new google.maps.Point(0, 0),\n                        anchor: new google.maps.Point(30, 30),\n                        labelOrigin: new google.maps.Point(27, 25)\n                    },\n                    label: {\n                        text: String(count),\n                        color: \"white\",\n                        fontWeight: \"bold\",\n                        fontSize: \"16px\"\n                    },\n                });\n            }\n        }\n    });\n\n    \/\/ Nicht geclusterte Marker auf der Karte platzieren\n    nonClusterMarkers.forEach(marker => {\n        marker.setMap(map);\n    });\n}\n\nwindow.onload = initMap;\n    <\/script>\n\n    <style>\n        .info-window {\n  padding: 20px;\n  text-align: center;\n  font-family: Titillium Web !important;\n  font-size: 14px;\n  line-height: 20px;\n  font-weight: 400;\n}\n\n      .info-window b {\n  font-weight: 700;\n  font-size: 17px;\n}\n\n.info-window a {\n  color: #111;\n  font-weight: 600 !important;\n}\n           \n        .gm-style-iw.gm-style-iw-c {\n            border-radius: 0px !important;\n            box-shadow: none !important;\n        }\n\n        .gm-style-iw-chr {\n            height: 0;\n        }\n    <\/style>\n    [\/vc_column_text][\/vc_column][\/vc_row]<\/p>\n<\/div>","protected":false},"excerpt":{"rendered":"<p>[vc_row][vc_column width=&#8221;2\/3&#8243;][vc_column_text] NGL Munich [\/vc_column_text][vc_single_image image=&#8221;2251&#8243; img_size=&#8221;full&#8221;][vc_row_inner][vc_column_inner width=&#8221;1\/2&#8243;][vc_column_text]The Munich metropolitan area is one of the most successful economic regions in the whole of Europe and, at the same time, Germany\u2019s city with the&#8230;<\/p>\n","protected":false},"author":1,"featured_media":0,"parent":0,"menu_order":0,"comment_status":"closed","ping_status":"closed","template":"","meta":{"_acf_changed":false,"footnotes":""},"class_list":["post-1488","page","type-page","status-publish","hentry"],"acf":[],"yoast_head":"<!-- This site is optimized with the Yoast SEO plugin v27.0 - https:\/\/yoast.com\/product\/yoast-seo-wordpress\/ -->\n<title>Niederlassung M\u00fcnchen - NGL Navigator Global Logistics GmbH<\/title>\n<meta name=\"description\" content=\"Die Metropolregion M\u00fcnchen ist einer der erfolgreichsten Wirtschaftsr\u00e4ume Europas und gleichzeitig Deutschlands Gro\u00dfstadt mit der h\u00f6chsten Wirtschaftskraft.\" \/>\n<meta name=\"robots\" content=\"index, follow, max-snippet:-1, max-image-preview:large, max-video-preview:-1\" \/>\n<link rel=\"canonical\" href=\"https:\/\/www.ngl-germany.eu\/de\/niederlassung-muenchen\/\" \/>\n<meta property=\"og:locale\" content=\"en_US\" \/>\n<meta property=\"og:type\" content=\"article\" \/>\n<meta property=\"og:title\" content=\"Niederlassung M\u00fcnchen - NGL Navigator Global Logistics GmbH\" \/>\n<meta property=\"og:description\" content=\"Die Metropolregion M\u00fcnchen ist einer der erfolgreichsten Wirtschaftsr\u00e4ume Europas und gleichzeitig Deutschlands Gro\u00dfstadt mit der h\u00f6chsten Wirtschaftskraft.\" \/>\n<meta property=\"og:url\" content=\"https:\/\/www.ngl-germany.eu\/de\/niederlassung-muenchen\/\" \/>\n<meta property=\"og:site_name\" content=\"NGL Navigator Global Logistics GmbH\" \/>\n<meta property=\"article:modified_time\" content=\"2025-12-17T13:52:15+00:00\" \/>\n<meta name=\"twitter:card\" content=\"summary_large_image\" \/>\n<meta name=\"twitter:label1\" content=\"Est. reading time\" \/>\n\t<meta name=\"twitter:data1\" content=\"1 minute\" \/>\n<script type=\"application\/ld+json\" class=\"yoast-schema-graph\">{\"@context\":\"https:\/\/schema.org\",\"@graph\":[{\"@type\":\"WebPage\",\"@id\":\"https:\/\/www.ngl-germany.eu\/de\/niederlassung-muenchen\/\",\"url\":\"https:\/\/www.ngl-germany.eu\/de\/niederlassung-muenchen\/\",\"name\":\"Niederlassung M\u00fcnchen - NGL Navigator Global Logistics GmbH\",\"isPartOf\":{\"@id\":\"https:\/\/www.ngl-germany.eu\/de\/#website\"},\"datePublished\":\"2016-11-09T08:55:47+00:00\",\"dateModified\":\"2025-12-17T13:52:15+00:00\",\"description\":\"Die Metropolregion M\u00fcnchen ist einer der erfolgreichsten Wirtschaftsr\u00e4ume Europas und gleichzeitig Deutschlands Gro\u00dfstadt mit der h\u00f6chsten Wirtschaftskraft.\",\"breadcrumb\":{\"@id\":\"https:\/\/www.ngl-germany.eu\/de\/niederlassung-muenchen\/#breadcrumb\"},\"inLanguage\":\"en-US\",\"potentialAction\":[{\"@type\":\"ReadAction\",\"target\":[\"https:\/\/www.ngl-germany.eu\/de\/niederlassung-muenchen\/\"]}]},{\"@type\":\"BreadcrumbList\",\"@id\":\"https:\/\/www.ngl-germany.eu\/de\/niederlassung-muenchen\/#breadcrumb\",\"itemListElement\":[{\"@type\":\"ListItem\",\"position\":1,\"name\":\"Startseite\",\"item\":\"https:\/\/www.ngl-germany.eu\/\"},{\"@type\":\"ListItem\",\"position\":2,\"name\":\"Niederlassung M\u00fcnchen\"}]},{\"@type\":\"WebSite\",\"@id\":\"https:\/\/www.ngl-germany.eu\/de\/#website\",\"url\":\"https:\/\/www.ngl-germany.eu\/de\/\",\"name\":\"NGL Navigator Global Logistics GmbH\",\"description\":\"MORE PERFORMANCE - MORE SUCCESS\",\"publisher\":{\"@id\":\"https:\/\/www.ngl-germany.eu\/de\/#organization\"},\"potentialAction\":[{\"@type\":\"SearchAction\",\"target\":{\"@type\":\"EntryPoint\",\"urlTemplate\":\"https:\/\/www.ngl-germany.eu\/de\/?s={search_term_string}\"},\"query-input\":{\"@type\":\"PropertyValueSpecification\",\"valueRequired\":true,\"valueName\":\"search_term_string\"}}],\"inLanguage\":\"en-US\"},{\"@type\":\"Organization\",\"@id\":\"https:\/\/www.ngl-germany.eu\/de\/#organization\",\"name\":\"NGL Navigator Global Logistics GmbH\",\"url\":\"https:\/\/www.ngl-germany.eu\/de\/\",\"logo\":{\"@type\":\"ImageObject\",\"inLanguage\":\"en-US\",\"@id\":\"https:\/\/www.ngl-germany.eu\/de\/#\/schema\/logo\/image\/\",\"url\":\"https:\/\/www.ngl-germany.eu\/wp-content\/uploads\/2016\/11\/ngl_logo_seite.jpg\",\"contentUrl\":\"https:\/\/www.ngl-germany.eu\/wp-content\/uploads\/2016\/11\/ngl_logo_seite.jpg\",\"width\":524,\"height\":171,\"caption\":\"NGL Navigator Global Logistics GmbH\"},\"image\":{\"@id\":\"https:\/\/www.ngl-germany.eu\/de\/#\/schema\/logo\/image\/\"}}]}<\/script>\n<!-- \/ Yoast SEO plugin. -->","yoast_head_json":{"title":"Niederlassung M\u00fcnchen - NGL Navigator Global Logistics GmbH","description":"Die Metropolregion M\u00fcnchen ist einer der erfolgreichsten Wirtschaftsr\u00e4ume Europas und gleichzeitig Deutschlands Gro\u00dfstadt mit der h\u00f6chsten Wirtschaftskraft.","robots":{"index":"index","follow":"follow","max-snippet":"max-snippet:-1","max-image-preview":"max-image-preview:large","max-video-preview":"max-video-preview:-1"},"canonical":"https:\/\/www.ngl-germany.eu\/de\/niederlassung-muenchen\/","og_locale":"en_US","og_type":"article","og_title":"Niederlassung M\u00fcnchen - NGL Navigator Global Logistics GmbH","og_description":"Die Metropolregion M\u00fcnchen ist einer der erfolgreichsten Wirtschaftsr\u00e4ume Europas und gleichzeitig Deutschlands Gro\u00dfstadt mit der h\u00f6chsten Wirtschaftskraft.","og_url":"https:\/\/www.ngl-germany.eu\/de\/niederlassung-muenchen\/","og_site_name":"NGL Navigator Global Logistics GmbH","article_modified_time":"2025-12-17T13:52:15+00:00","twitter_card":"summary_large_image","twitter_misc":{"Est. reading time":"1 minute"},"schema":{"@context":"https:\/\/schema.org","@graph":[{"@type":"WebPage","@id":"https:\/\/www.ngl-germany.eu\/de\/niederlassung-muenchen\/","url":"https:\/\/www.ngl-germany.eu\/de\/niederlassung-muenchen\/","name":"Niederlassung M\u00fcnchen - NGL Navigator Global Logistics GmbH","isPartOf":{"@id":"https:\/\/www.ngl-germany.eu\/de\/#website"},"datePublished":"2016-11-09T08:55:47+00:00","dateModified":"2025-12-17T13:52:15+00:00","description":"Die Metropolregion M\u00fcnchen ist einer der erfolgreichsten Wirtschaftsr\u00e4ume Europas und gleichzeitig Deutschlands Gro\u00dfstadt mit der h\u00f6chsten Wirtschaftskraft.","breadcrumb":{"@id":"https:\/\/www.ngl-germany.eu\/de\/niederlassung-muenchen\/#breadcrumb"},"inLanguage":"en-US","potentialAction":[{"@type":"ReadAction","target":["https:\/\/www.ngl-germany.eu\/de\/niederlassung-muenchen\/"]}]},{"@type":"BreadcrumbList","@id":"https:\/\/www.ngl-germany.eu\/de\/niederlassung-muenchen\/#breadcrumb","itemListElement":[{"@type":"ListItem","position":1,"name":"Startseite","item":"https:\/\/www.ngl-germany.eu\/"},{"@type":"ListItem","position":2,"name":"Niederlassung M\u00fcnchen"}]},{"@type":"WebSite","@id":"https:\/\/www.ngl-germany.eu\/de\/#website","url":"https:\/\/www.ngl-germany.eu\/de\/","name":"NGL Navigator Global Logistics GmbH","description":"MORE PERFORMANCE - MORE SUCCESS","publisher":{"@id":"https:\/\/www.ngl-germany.eu\/de\/#organization"},"potentialAction":[{"@type":"SearchAction","target":{"@type":"EntryPoint","urlTemplate":"https:\/\/www.ngl-germany.eu\/de\/?s={search_term_string}"},"query-input":{"@type":"PropertyValueSpecification","valueRequired":true,"valueName":"search_term_string"}}],"inLanguage":"en-US"},{"@type":"Organization","@id":"https:\/\/www.ngl-germany.eu\/de\/#organization","name":"NGL Navigator Global Logistics GmbH","url":"https:\/\/www.ngl-germany.eu\/de\/","logo":{"@type":"ImageObject","inLanguage":"en-US","@id":"https:\/\/www.ngl-germany.eu\/de\/#\/schema\/logo\/image\/","url":"https:\/\/www.ngl-germany.eu\/wp-content\/uploads\/2016\/11\/ngl_logo_seite.jpg","contentUrl":"https:\/\/www.ngl-germany.eu\/wp-content\/uploads\/2016\/11\/ngl_logo_seite.jpg","width":524,"height":171,"caption":"NGL Navigator Global Logistics GmbH"},"image":{"@id":"https:\/\/www.ngl-germany.eu\/de\/#\/schema\/logo\/image\/"}}]}},"_links":{"self":[{"href":"https:\/\/www.ngl-germany.eu\/en\/wp-json\/wp\/v2\/pages\/1488","targetHints":{"allow":["GET"]}}],"collection":[{"href":"https:\/\/www.ngl-germany.eu\/en\/wp-json\/wp\/v2\/pages"}],"about":[{"href":"https:\/\/www.ngl-germany.eu\/en\/wp-json\/wp\/v2\/types\/page"}],"author":[{"embeddable":true,"href":"https:\/\/www.ngl-germany.eu\/en\/wp-json\/wp\/v2\/users\/1"}],"replies":[{"embeddable":true,"href":"https:\/\/www.ngl-germany.eu\/en\/wp-json\/wp\/v2\/comments?post=1488"}],"version-history":[{"count":0,"href":"https:\/\/www.ngl-germany.eu\/en\/wp-json\/wp\/v2\/pages\/1488\/revisions"}],"wp:attachment":[{"href":"https:\/\/www.ngl-germany.eu\/en\/wp-json\/wp\/v2\/media?parent=1488"}],"curies":[{"name":"wp","href":"https:\/\/api.w.org\/{rel}","templated":true}]}}