{"id":1624,"date":"2016-11-11T09:39:59","date_gmt":"2016-11-11T08:39:59","guid":{"rendered":"http:\/\/ngl.mpsmedia.de\/?page_id=1624"},"modified":"2018-05-07T13:51:56","modified_gmt":"2018-05-07T11:51:56","slug":"impressum","status":"publish","type":"page","link":"https:\/\/www.ngl-germany.eu\/de\/impressum\/","title":{"rendered":"Impressum"},"content":{"rendered":"<div class=\"wpb-content-wrapper\"><p>[vc_row][vc_column][vc_column_text]<\/p>\n<h2>NGL Navigator Global Logistics GmbH<\/h2>\n<p>Lohstrasse 33<br \/>\nD-85445 Schwaig (Flughafen M\u00fcnchen)<br \/>\nTel.: +49 (0) 8122 &#8211; 18 779-0<br \/>\nFax: +49 (0) 8122 &#8211; 18 779-99<\/p>\n<p>Gesch\u00e4ftsf\u00fchrer:<br \/>\nMathias Brosowsky<\/p>\n<p>Sitz: M\u00fcnchen, HRB 167673 M\u00fcnchen<\/p>\n<p>Ust-Id.Nr.: DE814839526<br \/>\nSt.Nr.: 114\/133\/30264<\/p>\n<p>&nbsp;<\/p>\n<h2>Haftungsausschluss (Disclaimer):<\/h2>\n<p>Mit dem Urteil vom 12. Mai 1998 hat das Landgericht Hamburg entschieden, dass man durch die Anbringung eines Links die Inhalte der gelinkten Seiten ggf. mit zu verantworten hat. Dies kann nur dadurch verhindert werden, dass man sich ausdr\u00fccklich von diesem Inhalt distanziert.<br \/>\nF\u00fcr alle Links auf dieser Homepage gilt: Wir distanzieren uns hiermit ausdr\u00fccklich von allen Inhalten aller gelinkten Seiten auf unserer Homepage und machen uns diese Inhalte nicht zu Eigen.<\/p>\n<p><a href=\"mailto:info@ngl-germany.eu\">info@ngl-germany.eu<\/a><\/p>\n<h2>Rechtshinweis<\/h2>\n<p>Die Informationen auf diesen Webseiten werden von der NGL Navigator Global Logistics GmbH st\u00e4ndig gepr\u00fcft und aktualisiert. Trotz aller Sorgfalt k\u00f6nnen sich aber Angaben zwischenzeitlich ver\u00e4ndert haben. Eine Haftung oder Garantie f\u00fcr die Aktualit\u00e4t, Richtigkeit und Vollst\u00e4ndigkeit der zur Verf\u00fcgung gestellten Informationen kann daher nicht \u00fcbernommen werden. Gleiches gilt auch f\u00fcr alle Websites, auf die mittels eines Hyperlinks verwiesen wird. F\u00fcr den Inhalt der Websites, die mit einer solchen Verbindung erreicht werden, ist die NGL Navigator Global Logistics GmbH nicht verantwortlich. Des weiteren beh\u00e4lt sich die NGL Navigator Global Logistics GmbH das Recht vor, an den bereitgestellten Informationen \u00c4nderungen oder Erg\u00e4nzungen vorzunehmen. Inhalt und Struktur der Internetseiten der NGL Navigator Global Logistics GmbH sind urheberrechtlich gesch\u00fctzt. Die Vervielf\u00e4ltigung von Informationen oder Daten, insbesondere die Verwendung von Texten, Textteilen oder Bildmaterial bedarf der vorherigen Zustimmung durch die NGL Navigator Global Logistics GmbH.<\/p>\n<h2>Verwendung von Cookies<\/h2>\n<p>Auf unseren Internetseiten verwenden wir Cookies, um Ihnen einen optimalen und nutzerfreundlichen Besuch bieten zu k\u00f6nnen. Diese Cookies enthalten weder personenbezogene Daten noch werden sie von uns mit anderen Daten kombiniert, um Sie pers\u00f6nlich zu identifizieren. Des Weiteren setzen wir ein Analyse-Tool ein, welches auch mit Cookies arbeitet.<\/p>\n<h2>Google Analytics<\/h2>\n<p>\u201eDiese Website benutzt Google Analytics, einen Webanalysedienst der Google Inc. (Google) Google Analytics verwendet sog. Cookies, Textdateien, die auf Ihrem Computer gespeichert werden und die eine Analyse der Benutzung der Website durch Sie erm\u00f6glicht. Die durch den Cookie erzeugten Informationen \u00fcber Ihre Benutzung dieser Website (einschlie\u00dflich Ihrer IP-Adresse) wird an einen Server von Google in den USA \u00fcbertragen und dort gespeichert. Google wird diese Informationen benutzen, um Ihre Nutzung der Website auszuwerten, um Reports \u00fcber die Websiteaktivit\u00e4ten f\u00fcr die Websitebetreiber zusammenzustellen und um weitere mit der Websitenutzung und der Internetnutzung verbundene Dienstleistungen zu erbringen. Auch wird Google diese Informationen gegebenenfalls an Dritte \u00fcbertragen, sofern dies gesetzlich vorgeschrieben oder soweit Dritte diese Daten im Auftrag von Google verarbeiten. Google wird in keinem Fall Ihre IP-Adresse mit anderen Daten der Google Inc. in Verbindung bringen. Sie k\u00f6nnen die Installation der Cookies durch eine entsprechende Einstellung Ihrer Browser Software verhindern; wir weisen Sie jedoch darauf hin, dass Sie in diesem Fall gegebenenfalls nicht s\u00e4mtliche Funktionen dieser Website voll umf\u00e4nglich nutzen k\u00f6nnen. Durch die Nutzung dieser Website erkl\u00e4ren Sie sich mit der Bearbeitung der \u00fcber Sie erhobenen Daten durch Google in der zuvor beschriebenen Art und Weise und zu dem zuvor benannten Zweck einverstanden.\u201c<\/p>\n<h2>Browser-Add-on zur Deaktivierung von Google Analytics<\/h2>\n<p>Das Browser-Add-on zur Deaktivierung von Google Analytics gibt dem Website-Besucher mehr Kontrolle dar\u00fcber, welche Daten zu aufgerufenen Websites von Google Analytics erfasst werden. Das Add-on teilt dem JavaScript (ga.js) von Google Analytics mit, dass keine Informationen \u00fcber den Website-Besuch an Google Analytics \u00fcbermittelt werden sollen. Falls Sie diese Funktion nutzen m\u00f6chten, laden Sie das Add-on herunter und installieren Sie es f\u00fcr Ihren aktuellen Webbrowser. Das Browser-Add-on zur Deaktivierung von Google Analytics ist f\u00fcr Internet Explorer, Google Chrome, Mozilla Firefox Apple Safari und Opera verf\u00fcgbar.<\/p>\n<p>Link: <strong><a href=\"https:\/\/tools.google.com\/dlpage\/gaoptout?hl=de\" target=\"_blank\" rel=\"noopener noreferrer\">Browser-Add-onClick<\/a><\/strong><\/p>\n<hr \/>\n<h2>Umsetzung und Support von<\/h2>\n<p><a href=\"http:\/\/www.mpsmedia.de\/\" target=\"_blank\" rel=\"noopener\">MPS newmedia GmbH<\/a>[\/vc_column_text][\/vc_column][\/vc_row]<\/p>\n<\/div>","protected":false},"excerpt":{"rendered":"<p>[vc_row][vc_column][vc_column_text] NGL Navigator Global Logistics GmbH Lohstrasse 33 D-85445 Schwaig (Flughafen M\u00fcnchen) Tel.: +49 (0) 8122 &#8211; 18 779-0 Fax: +49 (0) 8122 &#8211; 18 779-99 Gesch\u00e4ftsf\u00fchrer: Mathias Brosowsky Sitz: M\u00fcnchen, HRB 167673&#8230;<\/p>\n","protected":false},"author":1,"featured_media":0,"parent":0,"menu_order":0,"comment_status":"closed","ping_status":"closed","template":"","meta":{"_acf_changed":false,"footnotes":""},"class_list":["post-1624","page","type-page","status-publish","hentry"],"acf":[],"yoast_head":"<!-- This site is optimized with the Yoast SEO plugin v27.0 - https:\/\/yoast.com\/product\/yoast-seo-wordpress\/ -->\n<title>Impressum - NGL Navigator Global Logistics GmbH<\/title>\n<meta name=\"description\" content=\"Lohstrasse 33 D-85445 Schwaig (Flughafen M\u00fcnchen) Tel.: +49 (0) 8122 - 18 779-0 Fax: +49 (0) 8122 - 18 779-99 Gesch\u00e4ftsf\u00fchrer: Mathias Brosowsky\" \/>\n<meta name=\"robots\" content=\"index, follow, max-snippet:-1, max-image-preview:large, max-video-preview:-1\" \/>\n<link rel=\"canonical\" href=\"https:\/\/www.ngl-germany.eu\/de\/impressum\/\" \/>\n<meta property=\"og:locale\" content=\"de_DE\" \/>\n<meta property=\"og:type\" content=\"article\" \/>\n<meta property=\"og:title\" content=\"Impressum - NGL Navigator Global Logistics GmbH\" \/>\n<meta property=\"og:description\" content=\"Lohstrasse 33 D-85445 Schwaig (Flughafen M\u00fcnchen) Tel.: +49 (0) 8122 - 18 779-0 Fax: +49 (0) 8122 - 18 779-99 Gesch\u00e4ftsf\u00fchrer: Mathias Brosowsky\" \/>\n<meta property=\"og:url\" content=\"https:\/\/www.ngl-germany.eu\/de\/impressum\/\" \/>\n<meta property=\"og:site_name\" content=\"NGL Navigator Global Logistics GmbH\" \/>\n<meta property=\"article:modified_time\" content=\"2018-05-07T11:51:56+00:00\" \/>\n<meta name=\"twitter:card\" content=\"summary_large_image\" \/>\n<meta name=\"twitter:label1\" content=\"Gesch\u00e4tzte Lesezeit\" \/>\n\t<meta name=\"twitter:data1\" content=\"6\u00a0Minuten\" \/>\n<script type=\"application\/ld+json\" class=\"yoast-schema-graph\">{\"@context\":\"https:\/\/schema.org\",\"@graph\":[{\"@type\":\"WebPage\",\"@id\":\"https:\/\/www.ngl-germany.eu\/de\/impressum\/\",\"url\":\"https:\/\/www.ngl-germany.eu\/de\/impressum\/\",\"name\":\"Impressum - NGL Navigator Global Logistics GmbH\",\"isPartOf\":{\"@id\":\"https:\/\/www.ngl-germany.eu\/de\/#website\"},\"datePublished\":\"2016-11-11T08:39:59+00:00\",\"dateModified\":\"2018-05-07T11:51:56+00:00\",\"description\":\"Lohstrasse 33 D-85445 Schwaig (Flughafen M\u00fcnchen) Tel.: +49 (0) 8122 - 18 779-0 Fax: +49 (0) 8122 - 18 779-99 Gesch\u00e4ftsf\u00fchrer: Mathias Brosowsky\",\"breadcrumb\":{\"@id\":\"https:\/\/www.ngl-germany.eu\/de\/impressum\/#breadcrumb\"},\"inLanguage\":\"de\",\"potentialAction\":[{\"@type\":\"ReadAction\",\"target\":[\"https:\/\/www.ngl-germany.eu\/de\/impressum\/\"]}]},{\"@type\":\"BreadcrumbList\",\"@id\":\"https:\/\/www.ngl-germany.eu\/de\/impressum\/#breadcrumb\",\"itemListElement\":[{\"@type\":\"ListItem\",\"position\":1,\"name\":\"Startseite\",\"item\":\"https:\/\/www.ngl-germany.eu\/\"},{\"@type\":\"ListItem\",\"position\":2,\"name\":\"Impressum\"}]},{\"@type\":\"WebSite\",\"@id\":\"https:\/\/www.ngl-germany.eu\/de\/#website\",\"url\":\"https:\/\/www.ngl-germany.eu\/de\/\",\"name\":\"NGL Navigator Global Logistics GmbH\",\"description\":\"Navigator Global Logistics\",\"publisher\":{\"@id\":\"https:\/\/www.ngl-germany.eu\/de\/#organization\"},\"potentialAction\":[{\"@type\":\"SearchAction\",\"target\":{\"@type\":\"EntryPoint\",\"urlTemplate\":\"https:\/\/www.ngl-germany.eu\/de\/?s={search_term_string}\"},\"query-input\":{\"@type\":\"PropertyValueSpecification\",\"valueRequired\":true,\"valueName\":\"search_term_string\"}}],\"inLanguage\":\"de\"},{\"@type\":\"Organization\",\"@id\":\"https:\/\/www.ngl-germany.eu\/de\/#organization\",\"name\":\"NGL Navigator Global Logistics GmbH\",\"url\":\"https:\/\/www.ngl-germany.eu\/de\/\",\"logo\":{\"@type\":\"ImageObject\",\"inLanguage\":\"de\",\"@id\":\"https:\/\/www.ngl-germany.eu\/de\/#\/schema\/logo\/image\/\",\"url\":\"https:\/\/www.ngl-germany.eu\/wp-content\/uploads\/2016\/11\/ngl_logo_seite.jpg\",\"contentUrl\":\"https:\/\/www.ngl-germany.eu\/wp-content\/uploads\/2016\/11\/ngl_logo_seite.jpg\",\"width\":524,\"height\":171,\"caption\":\"NGL Navigator Global Logistics GmbH\"},\"image\":{\"@id\":\"https:\/\/www.ngl-germany.eu\/de\/#\/schema\/logo\/image\/\"}}]}<\/script>\n<!-- \/ Yoast SEO plugin. -->","yoast_head_json":{"title":"Impressum - NGL Navigator Global Logistics GmbH","description":"Lohstrasse 33 D-85445 Schwaig (Flughafen M\u00fcnchen) Tel.: +49 (0) 8122 - 18 779-0 Fax: +49 (0) 8122 - 18 779-99 Gesch\u00e4ftsf\u00fchrer: Mathias Brosowsky","robots":{"index":"index","follow":"follow","max-snippet":"max-snippet:-1","max-image-preview":"max-image-preview:large","max-video-preview":"max-video-preview:-1"},"canonical":"https:\/\/www.ngl-germany.eu\/de\/impressum\/","og_locale":"de_DE","og_type":"article","og_title":"Impressum - NGL Navigator Global Logistics GmbH","og_description":"Lohstrasse 33 D-85445 Schwaig (Flughafen M\u00fcnchen) Tel.: +49 (0) 8122 - 18 779-0 Fax: +49 (0) 8122 - 18 779-99 Gesch\u00e4ftsf\u00fchrer: Mathias Brosowsky","og_url":"https:\/\/www.ngl-germany.eu\/de\/impressum\/","og_site_name":"NGL Navigator Global Logistics GmbH","article_modified_time":"2018-05-07T11:51:56+00:00","twitter_card":"summary_large_image","twitter_misc":{"Gesch\u00e4tzte Lesezeit":"6\u00a0Minuten"},"schema":{"@context":"https:\/\/schema.org","@graph":[{"@type":"WebPage","@id":"https:\/\/www.ngl-germany.eu\/de\/impressum\/","url":"https:\/\/www.ngl-germany.eu\/de\/impressum\/","name":"Impressum - NGL Navigator Global Logistics GmbH","isPartOf":{"@id":"https:\/\/www.ngl-germany.eu\/de\/#website"},"datePublished":"2016-11-11T08:39:59+00:00","dateModified":"2018-05-07T11:51:56+00:00","description":"Lohstrasse 33 D-85445 Schwaig (Flughafen M\u00fcnchen) Tel.: +49 (0) 8122 - 18 779-0 Fax: +49 (0) 8122 - 18 779-99 Gesch\u00e4ftsf\u00fchrer: Mathias Brosowsky","breadcrumb":{"@id":"https:\/\/www.ngl-germany.eu\/de\/impressum\/#breadcrumb"},"inLanguage":"de","potentialAction":[{"@type":"ReadAction","target":["https:\/\/www.ngl-germany.eu\/de\/impressum\/"]}]},{"@type":"BreadcrumbList","@id":"https:\/\/www.ngl-germany.eu\/de\/impressum\/#breadcrumb","itemListElement":[{"@type":"ListItem","position":1,"name":"Startseite","item":"https:\/\/www.ngl-germany.eu\/"},{"@type":"ListItem","position":2,"name":"Impressum"}]},{"@type":"WebSite","@id":"https:\/\/www.ngl-germany.eu\/de\/#website","url":"https:\/\/www.ngl-germany.eu\/de\/","name":"NGL Navigator Global Logistics GmbH","description":"Navigator Global Logistics","publisher":{"@id":"https:\/\/www.ngl-germany.eu\/de\/#organization"},"potentialAction":[{"@type":"SearchAction","target":{"@type":"EntryPoint","urlTemplate":"https:\/\/www.ngl-germany.eu\/de\/?s={search_term_string}"},"query-input":{"@type":"PropertyValueSpecification","valueRequired":true,"valueName":"search_term_string"}}],"inLanguage":"de"},{"@type":"Organization","@id":"https:\/\/www.ngl-germany.eu\/de\/#organization","name":"NGL Navigator Global Logistics GmbH","url":"https:\/\/www.ngl-germany.eu\/de\/","logo":{"@type":"ImageObject","inLanguage":"de","@id":"https:\/\/www.ngl-germany.eu\/de\/#\/schema\/logo\/image\/","url":"https:\/\/www.ngl-germany.eu\/wp-content\/uploads\/2016\/11\/ngl_logo_seite.jpg","contentUrl":"https:\/\/www.ngl-germany.eu\/wp-content\/uploads\/2016\/11\/ngl_logo_seite.jpg","width":524,"height":171,"caption":"NGL Navigator Global Logistics GmbH"},"image":{"@id":"https:\/\/www.ngl-germany.eu\/de\/#\/schema\/logo\/image\/"}}]}},"_links":{"self":[{"href":"https:\/\/www.ngl-germany.eu\/de\/wp-json\/wp\/v2\/pages\/1624","targetHints":{"allow":["GET"]}}],"collection":[{"href":"https:\/\/www.ngl-germany.eu\/de\/wp-json\/wp\/v2\/pages"}],"about":[{"href":"https:\/\/www.ngl-germany.eu\/de\/wp-json\/wp\/v2\/types\/page"}],"author":[{"embeddable":true,"href":"https:\/\/www.ngl-germany.eu\/de\/wp-json\/wp\/v2\/users\/1"}],"replies":[{"embeddable":true,"href":"https:\/\/www.ngl-germany.eu\/de\/wp-json\/wp\/v2\/comments?post=1624"}],"version-history":[{"count":0,"href":"https:\/\/www.ngl-germany.eu\/de\/wp-json\/wp\/v2\/pages\/1624\/revisions"}],"wp:attachment":[{"href":"https:\/\/www.ngl-germany.eu\/de\/wp-json\/wp\/v2\/media?parent=1624"}],"curies":[{"name":"wp","href":"https:\/\/api.w.org\/{rel}","templated":true}]}}