{"id":1576,"date":"2016-11-09T16:18:50","date_gmt":"2016-11-09T15:18:50","guid":{"rendered":"http:\/\/ngl.mpsmedia.de\/?page_id=1576"},"modified":"2026-03-23T10:50:14","modified_gmt":"2026-03-23T09:50:14","slug":"unternehmen","status":"publish","type":"page","link":"https:\/\/www.ngl-germany.eu\/de\/unternehmen\/","title":{"rendered":"Unternehmen"},"content":{"rendered":"<div class=\"wpb-content-wrapper\"><p>[vc_row][vc_column width=&#8220;1\/2&#8243;][vc_column_text]<\/p>\n<h2>NAVIGATOR GLOBAL LOGISTICS<\/h2>\n<p>[\/vc_column_text][vc_column_text css=&#8220;&#8220;]NGL pr\u00e4sentiert sich als leistungsstarkes und unabh\u00e4ngiges Dienstleistungsunternehmen der Logistikbranche. Urspr\u00fcnglich als klassische Luft- und Seefrachtspedition gegr\u00fcndet, ist NGL heute als 100%ige Tochtergesellschaft der NGL Gondrand Group S.A. Luxemburg mit \u00fcber 140 Mitarbeitern an 10 Standorten in Deutschland vertreten. Als europ\u00e4isches Unternehmen mit fl\u00e4chendeckender Pr\u00e4senz in unserem Kernland Deutschland bieten wir unseren Kunden ein umfassendes Leistungsportfolio mit ma\u00dfgeschneiderten Logistikl\u00f6sungen aus einer Hand.<\/p>\n<p>Grundlage unseres Gesch\u00e4ftsmodells ist ein internationales Netzwerk aus Partnern und Agenten, die unsere gemeinsame Philosophie vom Dienstleistungs- und Servicegedanken vertreten. Individuell auf die besonderen Bed\u00fcrfnisse jedes einzelnen Unternehmens eingehend, realisieren wir auch die au\u00dfergew\u00f6hnlichsten und anspruchsvollsten Transport- und Logistikkonzepte.[\/vc_column_text][\/vc_column][vc_column width=&#8220;1\/2&#8243;][vc_single_image image=&#8220;5736&#8243; img_size=&#8220;full&#8220; alignment=&#8220;center&#8220; css=&#8220;&#8220; el_class=&#8220;company_map_germany&#8220;][\/vc_column][\/vc_row][vc_row][vc_column][vc_separator css=&#8220;.vc_custom_1619513568034{margin-top: 60px !important;margin-bottom: 80px !important;}&#8220;][vc_row_inner css=&#8220;.vc_custom_1478869010526{padding-bottom: 50px !important;}&#8220;][vc_column_inner width=&#8220;1\/2&#8243;][vc_column_text]<\/p>\n<h3>Wir sind Mitglied in den Verb\u00e4nden <a>IATA<\/a>, <a>BSL<\/a> und <a>LBS<\/a><\/h3>\n<p>[\/vc_column_text][\/vc_column_inner][vc_column_inner width=&#8220;1\/2&#8243;][vc_column_text]<\/p>\n<h3>Zertifiziert nach <a>DIN EN ISO 9001:2015, 14001:2015, GDP<\/a> UND <a>AEO<\/a><\/h3>\n<p>[\/vc_column_text][\/vc_column_inner][\/vc_row_inner][\/vc_column][\/vc_row][vc_row el_id=&#8220;compliance-nachhaltigkeit-link&#8220;][vc_column][vc_separator css=&#8220;.vc_custom_1672999862127{margin-top: 10px !important;margin-bottom: 80px !important;}&#8220;][vc_column_text]<\/p>\n<h2>COMPLIANCE &amp; NACHHALTIGKEIT<\/h2>\n<p>[\/vc_column_text][vc_row_inner css=&#8220;.vc_custom_1668768422495{padding-bottom: 32px !important;}&#8220;][vc_column_inner width=&#8220;1\/2&#8243;][vc_column_text]Als weltweit t\u00e4tiger Logistikdienstleister sehen wir uns gesellschaftlich verpflichtet, fortlaufend auf die unterschiedlichen Rahmenbedingungen der globalen M\u00e4rkte zu reagieren. Um unserer Verpflichtung zur Einhaltung von Gesetzen &amp; Vorschriften, Antikorruption &amp; Bestechung, Sozial-, &amp; Arbeitsbedingungen und zur Nachhaltigkeit und Ressourcenschonung gerecht zu werden, haben wir entsprechende Verhaltenskodex zur gesellschaftlichen Verantwortung im Unternehmen etabliert.<\/p>\n<p>Wir \u00fcbernehmen Verantwortung, indem wir die Folgen unserer unternehmerischen Entscheidungen und Handlungen in \u00f6konomischer, technologischer, wie auch in sozialer und \u00f6kologischer Hinsicht f\u00fcr unsere Kunden, Mitarbeiter und unsere Umwelt fortlaufend bedenken. \u00dcber unser IMS ber\u00fccksichtigen wir all diese Bereiche gleichberechtigt und integrieren damit verbundenen Belange in alle Management-, und Entscheidungsprozesse. Dadurch stellen wir eine klar strukturierte Absicherung unserer gew\u00fcnschten Standards in einem integrierten Managementsystem sicher.[\/vc_column_text][\/vc_column_inner][vc_column_inner width=&#8220;1\/2&#8243;][vc_column_text]Neben unserer integrierten Qualit\u00e4ts-, und Umweltpolitik \u00fcber die Normen DIN EN ISO 9001.2015 und DIN EN ISO 14001:2015 gewinnen auch die Bereiche Sicherheit, sowie Gesundheit und Ethik zunehmend an Bedeutung und sind heute fester Bestandteil unseres unternehmerischen Handelns und unseres Angebotes an Logistikdienstleistungen weltweit.<\/p>\n<p>Die NGL lebt vom Engagement aller Mitarbeiter. Der Umgang mit Mitarbeitern ist gepr\u00e4gt durch gegenseitige Anerkennung und Respekt. Die Qualifikation und Motivation der Mitarbeiter ist dabei die Voraussetzung f\u00fcr ein kundenorientiertes Arbeiten in einem dynamischen und interkulturellen Umfeld. Als wichtiger Bestandteil unserer Unternehmenskultur ist das eine Grundvoraussetzung f\u00fcr wirtschaftlichen und nachhaltigen Erfolg unseres Unternehmens \u2013 More Performance &#8211; More Success.[\/vc_column_text][vc_column_text]<strong>Theyss Schodde<\/strong><br \/>\n<span style=\"font-size: 13px;\">Head of Corporate Processes &amp; Compliance<\/span>[\/vc_column_text][vc_column_text css=&#8220;.vc_custom_1687351619919{margin-top: -10px !important;}&#8220; el_class=&#8220;pdfextralinks&#8220;]<a style=\"padding-right: 22px;\" href=\"\/wp-content\/uploads\/2023\/06\/Code_of_Conduct_03_2022.pdf\" target=\"_blank\" rel=\"noopener noreferrer\"><img decoding=\"async\" class=\"alignnone wp-image-1962 pdficon\" src=\"\/wp-content\/uploads\/2022\/11\/pdf_icon.png\" alt=\"pdf_icon\" width=\"39\" height=\"auto\" \/>Code of Conduct<\/a> <a href=\"\/wp-content\/uploads\/2022\/11\/Lieferanten-CoC.pdf\" target=\"_blank\" rel=\"noopener noreferrer\" data-wp-editing=\"1\"><img decoding=\"async\" class=\"alignnone wp-image-1962 pdficon\" src=\"\/wp-content\/uploads\/2022\/11\/pdf_icon.png\" alt=\"pdf_icon\" width=\"39\" height=\"auto\" \/>Lieferanten Code of Conduct<\/a>[\/vc_column_text][\/vc_column_inner][\/vc_row_inner][\/vc_column][\/vc_row][vc_row full_width=&#8220;stretch_row&#8220; css=&#8220;.vc_custom_1674207035169{margin-bottom: -5px !important;padding-top: 165px !important;background-color: #e41736 !important;}&#8220; el_class=&#8220;company_icon_bar&#8220;][vc_column][vc_raw_html]JTIwJTIwJTIwJTIwJTIwJTIwJTNDZGl2JTIwY2xhc3MlM0QlMjJ2Y19jb2x1bW4taW5uZXIlMjAlMjIlM0UlMEElMDklMDklMDklMjAlMjAlMjAlMjAlMjAlMjAlMjAlMjAlMjAlM0NkaXYlMjBjbGFzcyUzRCUyMnNsaWRlbmF2aXRlbSUyMiUzRSUwQSUwOSUwOSUwOSUyMCUyMCUyMCUyMCUyMCUyMCUyMCUyMCUyMCUyMCUyMCUyMCUzQ2ElMjBocmVmJTNEJTIyJTJGbHVmdGZyYWNodCUyRiUyMiUyMG9uY2xpY2slM0QlMjJyZXZhcGk1LnJldnNob3dzbGlkZSUyODElMjklM0IlMjIlMjBjbGFzcyUzRCUyMnJldl9zbGlkZXJfbmF2JTIwcmV2X3NsaWRlcl8xJTIwcmV2X3NsaWRlXzElMjBhY3RpdmUlMjIlM0UlMEElMDklMDklMDklMjAlMjAlMjAlMjAlMjAlMjAlMjAlMjAlMjAlMjAlMjAlMjAlM0NzcGFuJTIwY2xhc3MlM0QlMjJpY29uJTIyJTNFJTBBJTA5JTA5JTA5JTIwJTIwJTIwJTIwJTIwJTIwJTIwJTIwJTIwJTIwJTIwJTIwJTNDaW1nJTIwc3JjJTNEJTIyJTJGd3AtY29udGVudCUyRnVwbG9hZHMlMkYyMDE2JTJGMTElMkZmbHVnemV1Zy5wbmclMjIlMjB3aWR0aCUzRCUyMjEwMCUyMiUyMGhlaWdodCUzRCUyMjEwMCUyMiUzRSUwQSUwOSUwOSUwOSUyMCUyMCUyMCUyMCUyMCUyMCUyMCUyMCUyMCUyMCUyMCUyMCUzQyUyRnNwYW4lM0UlMEElMDklMDklMDklMjAlMjAlMjAlMjAlMjAlMjAlMjAlMjAlMjAlMjAlMjAlM0MlMkZhJTNFJTBBJTA5JTA5JTA5JTIwJTIwJTIwJTIwJTIwJTIwJTIwJTIwJTIwJTIwJTIwJTBBJTA5JTA5JTA5JTIwJTIwJTIwJTIwJTIwJTIwJTIwJTIwJTIwJTNDJTJGZGl2JTNFJTBBJTBBJTIwJTIwJTBBJTIwJTIwJTIwJTIwJTIwJTIwJTIwJTIwJTIwJTIwJTIwJTIwJTIwJTIwJTIwJTIwJTIwJTIwJTIwJTIwJTIwJTNDZGl2JTIwY2xhc3MlM0QlMjJzbGlkZW5hdml0ZW0lMjIlM0UlMEElMjAlMjAlMjAlMjAlMjAlMjAlMjAlMjAlMjAlMjAlMjAlMjAlMjAlMjAlMjAlMjAlMjAlMjAlMjAlMjAlMjAlMjAlMjAlMjAlM0NhJTIwaHJlZiUzRCUyMiUyRnNlZWZyYWNodCUyRiUyMiUyMG9uY2xpY2slM0QlMjJyZXZhcGk1LnJldnNob3dzbGlkZSUyODIlMjklM0IlMjIlMjBjbGFzcyUzRCUyMnJldl9zbGlkZXJfbmF2JTIwcmV2X3NsaWRlcl8xJTIwcmV2X3NsaWRlXzIlMjIlM0UlMEElMjAlMjAlMjAlMjAlMjAlMjAlMjAlMjAlMjAlMjAlMjAlMjAlMjAlMjAlMjAlMjAlMjAlMjAlMjAlMjAlMjAlMjAlMjAlMjAlM0NzcGFuJTIwY2xhc3MlM0QlMjJpY29uJTIyJTNFJTBBJTIwJTIwJTIwJTIwJTIwJTIwJTIwJTIwJTIwJTIwJTIwJTIwJTIwJTIwJTIwJTIwJTIwJTIwJTIwJTIwJTIwJTIwJTIwJTIwJTNDaW1nJTIwc3JjJTNEJTIyJTJGd3AtY29udGVudCUyRnVwbG9hZHMlMkYyMDE2JTJGMTElMkZzY2hpZmYucG5nJTIyJTIwd2lkdGglM0QlMjIxMDAlMjIlMjBoZWlnaHQlM0QlMjIxMDAlMjIlM0UlMEElMjAlMjAlMjAlMjAlMjAlMjAlMjAlMjAlMjAlMjAlMjAlMjAlMjAlMjAlMjAlMjAlMjAlMjAlMjAlMjAlMjAlMjAlMjAlMjAlM0MlMkZzcGFuJTNFJTBBJTIwJTIwJTIwJTIwJTIwJTIwJTIwJTIwJTIwJTIwJTIwJTIwJTIwJTIwJTIwJTIwJTIwJTIwJTIwJTIwJTIwJTIwJTBBJTIwJTIwJTIwJTIwJTIwJTIwJTIwJTIwJTIwJTIwJTIwJTIwJTIwJTIwJTIwJTIwJTIwJTIwJTIwJTIwJTIwJTIwJTIwJTIwJTNDJTJGYSUzRSUwQSUyMCUyMCUyMCUyMCUyMCUyMCUyMCUyMCUyMCUyMCUyMCUyMCUyMCUyMCUyMCUyMCUyMCUyMCUyMCUyMCUyMCUzQyUyRmRpdiUzRSUwQSUwQSUyMCUzQ2RpdiUyMGNsYXNzJTNEJTIyc2xpZGVuYXZpdGVtJTIyJTNFJTBBJTIwJTIwJTIwJTIwJTIwJTIwJTIwJTIwJTIwJTIwJTIwJTIwJTIwJTIwJTIwJTIwJTIwJTIwJTIwJTIwJTIwJTIwJTIwJTIwJTNDYSUyMGhyZWYlM0QlMjIlMkZyYWlsLWZyZWlnaHQlMkYlMjIlMjBvbmNsaWNrJTNEJTIycmV2YXBpNS5yZXZzaG93c2xpZGUlMjgzJTI5JTNCJTIyJTIwY2xhc3MlM0QlMjJyZXZfc2xpZGVyX25hdiUyMHJldl9zbGlkZXJfMSUyMHJldl9zbGlkZV8zJTIyJTNFJTBBJTIwJTIwJTIwJTIwJTIwJTIwJTIwJTIwJTIwJTIwJTIwJTIwJTIwJTIwJTIwJTIwJTIwJTIwJTIwJTIwJTIwJTIwJTIwJTIwJTNDc3BhbiUyMGNsYXNzJTNEJTIyaWNvbiUyMiUzRSUwQSUyMCUyMCUyMCUyMCUyMCUyMCUyMCUyMCUyMCUyMCUyMCUyMCUyMCUyMCUyMCUyMCUyMCUyMCUyMCUyMCUyMCUyMCUyMCUyMCUzQ2ltZyUyMHNyYyUzRCUyMiUyRndwLWNvbnRlbnQlMkZ1cGxvYWRzJTJGMjAyMCUyRjA1JTJGcmFpbHJhb2RfaWNvbl9zbGlkZXJ2MV8yMDIwLnBuZyUyMiUyMHdpZHRoJTNEJTIyMTAwJTIyJTIwaGVpZ2h0JTNEJTIyMTAwJTIyJTNFJTBBJTIwJTIwJTIwJTIwJTIwJTIwJTIwJTIwJTIwJTIwJTIwJTIwJTIwJTIwJTIwJTIwJTIwJTIwJTIwJTIwJTIwJTIwJTIwJTIwJTNDJTJGc3BhbiUzRSUwQSUyMCUyMCUyMCUyMCUyMCUyMCUyMCUyMCUyMCUyMCUyMCUyMCUyMCUyMCUyMCUyMCUyMCUyMCUyMCUyMCUyMCUyMCUwQSUyMCUyMCUyMCUyMCUyMCUyMCUyMCUyMCUyMCUyMCUyMCUyMCUyMCUyMCUyMCUyMCUyMCUyMCUyMCUyMCUyMCUyMCUyMCUyMCUzQyUyRmElM0UlMEElMjAlMjAlMjAlMjAlMjAlMjAlMjAlMjAlMjAlMjAlMjAlMjAlMjAlMjAlMjAlMjAlMjAlMjAlMjAlMjAlMjAlM0MlMkZkaXYlM0UlMEElMEElMjAlMjAlMjAlMjAlMjAlMjAlMjAlMjAlMjAlMjAlMjAlMjAlMjAlMjAlMjAlMjAlMjAlMjAlMjAlMjAlMjAlMjAlM0NkaXYlMjBjbGFzcyUzRCUyMnNsaWRlbmF2aXRlbSUyMiUzRSUwQSUyMCUyMCUyMCUyMCUyMCUyMCUyMCUyMCUyMCUyMCUyMCUyMCUyMCUyMCUyMCUyMCUyMCUyMCUyMCUyMCUyMCUzQ2ElMjBocmVmJTNEJTIyJTJGcHJvamVrdGxhZHVuZyUyRiUyMiUyMG9uY2xpY2slM0QlMjJyZXZhcGk1LnJldnNob3dzbGlkZSUyODQlMjklM0IlMjIlMjBjbGFzcyUzRCUyMnJldl9zbGlkZXJfbmF2JTIwcmV2X3NsaWRlcl8xJTIwcmV2X3NsaWRlXzQlMjIlM0UlMEElMjAlMjAlMjAlMjAlMjAlMjAlMjAlMjAlMjAlMjAlMjAlMjAlMjAlMjAlMjAlMjAlMjAlMjAlMjAlMjAlMjAlM0NzcGFuJTIwY2xhc3MlM0QlMjJpY29uJTIyJTNFJTBBJTIwJTIwJTIwJTIwJTIwJTIwJTIwJTIwJTIwJTIwJTIwJTIwJTIwJTIwJTIwJTIwJTIwJTIwJTIwJTIwJTIwJTNDaW1nJTIwc3JjJTNEJTIyJTJGd3AtY29udGVudCUyRnVwbG9hZHMlMkYyMDIyJTJGMDUlMkZwcm9qZWt0bGFkdW5nX25ld19rb250dXJfc21hbGwucG5nJTIyJTIwd2lkdGglM0QlMjIxMDAlMjIlMjBoZWlnaHQlM0QlMjIxMDAlMjIlM0UlMEElMjAlMjAlMjAlMjAlMjAlMjAlMjAlMjAlMjAlMjAlMjAlMjAlMjAlMjAlMjAlMjAlMjAlMjAlMjAlMjAlMjAlM0MlMkZzcGFuJTNFJTBBJTIwJTIwJTIwJTIwJTIwJTIwJTIwJTIwJTIwJTIwJTIwJTIwJTIwJTIwJTBBJTIwJTIwJTIwJTIwJTIwJTIwJTIwJTIwJTIwJTIwJTIwJTIwJTIwJTIwJTIwJTIwJTIwJTIwJTIwJTIwJTIwJTNDJTJGYSUzRSUwQSUyMCUyMCUyMCUyMCUyMCUyMCUyMCUyMCUyMCUyMCUyMCUyMCUyMCUyMCUyMCUyMCUyMCUyMCUzQyUyRmRpdiUzRSUwQSUwQSUyMCUyMCUyMCUyMCUyMCUyMCUyMCUyMCUyMCUyMCUyMCUyMCUyMCUyMCUyMCUyMCUyMCUyMCUyMCUzQ2RpdiUyMGNsYXNzJTNEJTIyc2xpZGVuYXZpdGVtJTIyJTNFJTBBJTIwJTIwJTIwJTIwJTIwJTIwJTIwJTIwJTIwJTIwJTIwJTIwJTIwJTIwJTIwJTIwJTIwJTIwJTIwJTIwJTIwJTIwJTIwJTIwJTNDYSUyMGhyZWYlM0QlMjIlMkZsb2dpc3RpayUyRiUyMiUyMG9uY2xpY2slM0QlMjJyZXZhcGk1LnJldnNob3dzbGlkZSUyODUlMjklM0IlMjIlMjBjbGFzcyUzRCUyMnJldl9zbGlkZXJfbmF2JTIwcmV2X3NsaWRlcl8xJTIwcmV2X3NsaWRlXzUlMjIlM0UlMEElMjAlMjAlMjAlMjAlMjAlMjAlMjAlMjAlMjAlMjAlMjAlMjAlMjAlMjAlMjAlMjAlMjAlMjAlMjAlMjAlMjAlMjAlMjAlMjAlM0NzcGFuJTIwY2xhc3MlM0QlMjJpY29uJTIyJTNFJTBBJTIwJTIwJTIwJTIwJTIwJTIwJTIwJTIwJTIwJTIwJTIwJTIwJTIwJTIwJTIwJTIwJTIwJTIwJTIwJTIwJTIwJTIwJTIwJTIwJTNDaW1nJTIwc3JjJTNEJTIyJTJGd3AtY29udGVudCUyRnVwbG9hZHMlMkYyMDE2JTJGMTElMkZpY29uLWxvZ2lzdGlrLnBuZyUyMiUyMHdpZHRoJTNEJTIyMTAwJTIyJTIwaGVpZ2h0JTNEJTIyMTAwJTIyJTNFJTBBJTIwJTIwJTIwJTIwJTIwJTIwJTIwJTIwJTIwJTIwJTIwJTIwJTIwJTIwJTIwJTIwJTIwJTIwJTIwJTIwJTIwJTIwJTIwJTIwJTNDJTJGc3BhbiUzRSUwQSUyMCUyMCUyMCUyMCUyMCUyMCUyMCUyMCUyMCUyMCUyMCUyMCUyMCUyMCUyMCUyMCUwQSUyMCUyMCUyMCUyMCUyMCUyMCUyMCUyMCUyMCUyMCUyMCUyMCUyMCUyMCUyMCUyMCUyMCUyMCUyMCUyMCUyMCUyMCUyMCUyMCUzQyUyRmElM0UlMEElMjAlMjAlMjAlMjAlMjAlMjAlMjAlMjAlMjAlMjAlMjAlMjAlMjAlMjAlMjAlMjAlMjAlMjAlMjAlMjAlMjAlM0MlMkZkaXYlM0UlMEElMjAlMjAlMjAlMjAlMjAlMjAlMjAlMjAlMjAlMjAlMjAlMjAlMjAlMjAlMjAlMjAlMjAlMEElMjAlMjAlMjAlMjAlMjAlMjAlMjAlMjAlMjAlMjAlMjAlMjAlMjAlMjAlMjAlMjAlMjAlMjAlMjAlMjAlMjAlM0NkaXYlMjBjbGFzcyUzRCUyMnNsaWRlbmF2aXRlbSUyMiUzRSUwQSUyMCUyMCUyMCUyMCUyMCUyMCUyMCUyMCUyMCUyMCUyMCUyMCUyMCUyMCUyMCUyMCUyMCUyMCUyMCUyMCUyMCUyMCUyMCUyMCUzQ2ElMjBocmVmJTNEJTIyJTJGem9sbCUyRiUyMiUyMG9uY2xpY2slM0QlMjJyZXZhcGk1LnJldnNob3dzbGlkZSUyODYlMjklM0IlMjIlMjBjbGFzcyUzRCUyMnJldl9zbGlkZXJfbmF2JTIwcmV2X3NsaWRlcl8xJTIwcmV2X3NsaWRlXzYlMjIlM0UlMEElMjAlMjAlMjAlMjAlMjAlMjAlMjAlMjAlMjAlMjAlMjAlMjAlMjAlMjAlMjAlMjAlMjAlMjAlMjAlMjAlMjAlMjAlMjAlMjAlM0NzcGFuJTIwY2xhc3MlM0QlMjJpY29uJTIyJTNFJTBBJTIwJTIwJTIwJTIwJTIwJTIwJTIwJTIwJTIwJTIwJTIwJTIwJTIwJTIwJTIwJTIwJTIwJTIwJTIwJTIwJTIwJTIwJTIwJTIwJTNDaW1nJTIwc3JjJTNEJTIyJTJGd3AtY29udGVudCUyRnVwbG9hZHMlMkYyMDE2JTJGMTElMkZpY29uLXpvbGwucG5nJTIyJTIwd2lkdGglM0QlMjIxMDAlMjIlMjBoZWlnaHQlM0QlMjIxMDAlMjIlM0UlMEElMjAlMjAlMjAlMjAlMjAlMjAlMjAlMjAlMjAlMjAlMjAlMjAlMjAlMjAlMjAlMjAlMjAlMjAlMjAlMjAlMEElMjAlMjAlMjAlMjAlMjAlMjAlMjAlMjAlMjAlMjAlMjAlMjAlMjAlMjAlMjAlMjAlMjAlMjAlMjAlMjAlMjAlMjAlMjAlMjAlM0MlMkZhJTNFJTBBJTIwJTIwJTIwJTIwJTIwJTIwJTIwJTIwJTIwJTIwJTIwJTIwJTIwJTIwJTIwJTIwJTIwJTIwJTIwJTIwJTIwJTNDJTJGZGl2JTNFJTBBJTIwJTIwJTIwJTIwJTIwJTIwJTIwJTIwJTIwJTIwJTIwJTIwJTIwJTBBJTIwJTIwJTIwJTIwJTIwJTIwJTIwJTIwJTIwJTIwJTIwJTIwJTIwJTIwJTIwJTIwJTIwJTIwJTIwJTBBJTIwJTIwJTIwJTIwJTIwJTIwJTIwJTIwJTIwJTBBJTA5JTA5JTA5JTIwJTIwJTIwJTIwJTIwJTIwJTIwJTIwJTIwJTNDZGl2JTIwY2xhc3MlM0QlMjJzbGlkZW5hdml0ZW0lMjIlM0UlMEElMDklMDklMDklMjAlMjAlMjAlMjAlMjAlMjAlMjAlMjAlMjAlMjAlMjAlMjAlM0NhJTIwaHJlZiUzRCUyMiUyRmJlcmF0dW5nJTJGJTIyJTIwb25jbGljayUzRCUyMnJldmFwaTUucmV2c2hvd3NsaWRlJTI4NyUyOSUzQiUyMiUyMGNsYXNzJTNEJTIycmV2X3NsaWRlcl9uYXYlMjByZXZfc2xpZGVyXzElMjByZXZfc2xpZGVfNyUyMiUzRSUwQSUwOSUwOSUwOSUyMCUyMCUyMCUyMCUyMCUyMCUyMCUyMCUyMCUyMCUyMCUyMCUzQ3NwYW4lMjBjbGFzcyUzRCUyMmljb24lMjIlM0UlMEElMDklMDklMDklMjAlMjAlMjAlMjAlMjAlMjAlMjAlMjAlMjAlMjAlMjAlMjAlM0NpbWclMjBzcmMlM0QlMjIlMkZ3cC1jb250ZW50JTJGdXBsb2FkcyUyRjIwMjIlMkYwNSUyRmJlcmF0dW5nc19pY29uX25ld18yMDIyLnBuZyUyMiUyMHdpZHRoJTNEJTIyMTAwJTIyJTIwaGVpZ2h0JTNEJTIyMTAwJTIyJTNFJTBBJTA5JTA5JTA5JTIwJTIwJTIwJTIwJTIwJTIwJTIwJTBBJTA5JTA5JTA5JTIwJTIwJTIwJTIwJTIwJTIwJTIwJTIwJTIwJTIwJTIwJTIwJTNDJTJGYSUzRSUwQSUwOSUwOSUwOSUyMCUyMCUyMCUyMCUyMCUyMCUyMCUyMCUyMCUzQyUyRmRpdiUzRSUwQSUyMCUyMCUyMCUyMCUyMCUwQSUzQyUyRmRpdiUzRSUwQSUwQQ==[\/vc_raw_html][\/vc_column][\/vc_row]<\/p>\n<\/div>","protected":false},"excerpt":{"rendered":"<p>[vc_row][vc_column width=&#8220;1\/2&#8243;][vc_column_text] NAVIGATOR GLOBAL LOGISTICS [\/vc_column_text][vc_column_text css=&#8220;&#8220;]NGL pr\u00e4sentiert sich als leistungsstarkes und unabh\u00e4ngiges Dienstleistungsunternehmen der Logistikbranche. Urspr\u00fcnglich als klassische Luft- und Seefrachtspedition gegr\u00fcndet, ist NGL heute als 100%ige Tochtergesellschaft der NGL Gondrand Group&#8230;<\/p>\n","protected":false},"author":1,"featured_media":0,"parent":0,"menu_order":0,"comment_status":"closed","ping_status":"closed","template":"","meta":{"_acf_changed":false,"footnotes":""},"class_list":["post-1576","page","type-page","status-publish","hentry"],"acf":[],"yoast_head":"<!-- This site is optimized with the Yoast SEO plugin v27.0 - https:\/\/yoast.com\/product\/yoast-seo-wordpress\/ -->\n<title>Unternehmen - NGL Navigator Global Logistics GmbH<\/title>\n<meta name=\"description\" content=\"NGL pr\u00e4sentiert sich als leistungsstarkes und unabh\u00e4ngiges Dienstleistungsunternehmen auf dem deutschen Markt.\" \/>\n<meta name=\"robots\" content=\"index, follow, max-snippet:-1, max-image-preview:large, max-video-preview:-1\" \/>\n<link rel=\"canonical\" href=\"https:\/\/www.ngl-germany.eu\/unternehmen\/\" \/>\n<meta property=\"og:locale\" content=\"de_DE\" \/>\n<meta property=\"og:type\" content=\"article\" \/>\n<meta property=\"og:title\" content=\"Unternehmen - NGL Navigator Global Logistics GmbH\" \/>\n<meta property=\"og:description\" content=\"NGL pr\u00e4sentiert sich als leistungsstarkes und unabh\u00e4ngiges Dienstleistungsunternehmen auf dem deutschen Markt.\" \/>\n<meta property=\"og:url\" content=\"https:\/\/www.ngl-germany.eu\/unternehmen\/\" \/>\n<meta property=\"og:site_name\" content=\"NGL Navigator Global Logistics GmbH\" \/>\n<meta property=\"article:modified_time\" content=\"2026-03-23T09:50:14+00:00\" \/>\n<meta name=\"twitter:card\" content=\"summary_large_image\" \/>\n<meta name=\"twitter:label1\" content=\"Gesch\u00e4tzte Lesezeit\" \/>\n\t<meta name=\"twitter:data1\" content=\"3\u00a0Minuten\" \/>\n<script type=\"application\/ld+json\" class=\"yoast-schema-graph\">{\"@context\":\"https:\/\/schema.org\",\"@graph\":[{\"@type\":\"WebPage\",\"@id\":\"https:\/\/www.ngl-germany.eu\/unternehmen\/\",\"url\":\"https:\/\/www.ngl-germany.eu\/unternehmen\/\",\"name\":\"Unternehmen - NGL Navigator Global Logistics GmbH\",\"isPartOf\":{\"@id\":\"https:\/\/www.ngl-germany.eu\/de\/#website\"},\"datePublished\":\"2016-11-09T15:18:50+00:00\",\"dateModified\":\"2026-03-23T09:50:14+00:00\",\"description\":\"NGL pr\u00e4sentiert sich als leistungsstarkes und unabh\u00e4ngiges Dienstleistungsunternehmen auf dem deutschen Markt.\",\"breadcrumb\":{\"@id\":\"https:\/\/www.ngl-germany.eu\/unternehmen\/#breadcrumb\"},\"inLanguage\":\"de\",\"potentialAction\":[{\"@type\":\"ReadAction\",\"target\":[\"https:\/\/www.ngl-germany.eu\/unternehmen\/\"]}]},{\"@type\":\"BreadcrumbList\",\"@id\":\"https:\/\/www.ngl-germany.eu\/unternehmen\/#breadcrumb\",\"itemListElement\":[{\"@type\":\"ListItem\",\"position\":1,\"name\":\"Startseite\",\"item\":\"https:\/\/www.ngl-germany.eu\/\"},{\"@type\":\"ListItem\",\"position\":2,\"name\":\"Company\"}]},{\"@type\":\"WebSite\",\"@id\":\"https:\/\/www.ngl-germany.eu\/de\/#website\",\"url\":\"https:\/\/www.ngl-germany.eu\/de\/\",\"name\":\"NGL Navigator Global Logistics GmbH\",\"description\":\"Navigator Global Logistics\",\"publisher\":{\"@id\":\"https:\/\/www.ngl-germany.eu\/de\/#organization\"},\"potentialAction\":[{\"@type\":\"SearchAction\",\"target\":{\"@type\":\"EntryPoint\",\"urlTemplate\":\"https:\/\/www.ngl-germany.eu\/de\/?s={search_term_string}\"},\"query-input\":{\"@type\":\"PropertyValueSpecification\",\"valueRequired\":true,\"valueName\":\"search_term_string\"}}],\"inLanguage\":\"de\"},{\"@type\":\"Organization\",\"@id\":\"https:\/\/www.ngl-germany.eu\/de\/#organization\",\"name\":\"NGL Navigator Global Logistics GmbH\",\"url\":\"https:\/\/www.ngl-germany.eu\/de\/\",\"logo\":{\"@type\":\"ImageObject\",\"inLanguage\":\"de\",\"@id\":\"https:\/\/www.ngl-germany.eu\/de\/#\/schema\/logo\/image\/\",\"url\":\"https:\/\/www.ngl-germany.eu\/wp-content\/uploads\/2016\/11\/ngl_logo_seite.jpg\",\"contentUrl\":\"https:\/\/www.ngl-germany.eu\/wp-content\/uploads\/2016\/11\/ngl_logo_seite.jpg\",\"width\":524,\"height\":171,\"caption\":\"NGL Navigator Global Logistics GmbH\"},\"image\":{\"@id\":\"https:\/\/www.ngl-germany.eu\/de\/#\/schema\/logo\/image\/\"}}]}<\/script>\n<!-- \/ Yoast SEO plugin. -->","yoast_head_json":{"title":"Unternehmen - NGL Navigator Global Logistics GmbH","description":"NGL pr\u00e4sentiert sich als leistungsstarkes und unabh\u00e4ngiges Dienstleistungsunternehmen auf dem deutschen Markt.","robots":{"index":"index","follow":"follow","max-snippet":"max-snippet:-1","max-image-preview":"max-image-preview:large","max-video-preview":"max-video-preview:-1"},"canonical":"https:\/\/www.ngl-germany.eu\/unternehmen\/","og_locale":"de_DE","og_type":"article","og_title":"Unternehmen - NGL Navigator Global Logistics GmbH","og_description":"NGL pr\u00e4sentiert sich als leistungsstarkes und unabh\u00e4ngiges Dienstleistungsunternehmen auf dem deutschen Markt.","og_url":"https:\/\/www.ngl-germany.eu\/unternehmen\/","og_site_name":"NGL Navigator Global Logistics GmbH","article_modified_time":"2026-03-23T09:50:14+00:00","twitter_card":"summary_large_image","twitter_misc":{"Gesch\u00e4tzte Lesezeit":"3\u00a0Minuten"},"schema":{"@context":"https:\/\/schema.org","@graph":[{"@type":"WebPage","@id":"https:\/\/www.ngl-germany.eu\/unternehmen\/","url":"https:\/\/www.ngl-germany.eu\/unternehmen\/","name":"Unternehmen - NGL Navigator Global Logistics GmbH","isPartOf":{"@id":"https:\/\/www.ngl-germany.eu\/de\/#website"},"datePublished":"2016-11-09T15:18:50+00:00","dateModified":"2026-03-23T09:50:14+00:00","description":"NGL pr\u00e4sentiert sich als leistungsstarkes und unabh\u00e4ngiges Dienstleistungsunternehmen auf dem deutschen Markt.","breadcrumb":{"@id":"https:\/\/www.ngl-germany.eu\/unternehmen\/#breadcrumb"},"inLanguage":"de","potentialAction":[{"@type":"ReadAction","target":["https:\/\/www.ngl-germany.eu\/unternehmen\/"]}]},{"@type":"BreadcrumbList","@id":"https:\/\/www.ngl-germany.eu\/unternehmen\/#breadcrumb","itemListElement":[{"@type":"ListItem","position":1,"name":"Startseite","item":"https:\/\/www.ngl-germany.eu\/"},{"@type":"ListItem","position":2,"name":"Company"}]},{"@type":"WebSite","@id":"https:\/\/www.ngl-germany.eu\/de\/#website","url":"https:\/\/www.ngl-germany.eu\/de\/","name":"NGL Navigator Global Logistics GmbH","description":"Navigator Global Logistics","publisher":{"@id":"https:\/\/www.ngl-germany.eu\/de\/#organization"},"potentialAction":[{"@type":"SearchAction","target":{"@type":"EntryPoint","urlTemplate":"https:\/\/www.ngl-germany.eu\/de\/?s={search_term_string}"},"query-input":{"@type":"PropertyValueSpecification","valueRequired":true,"valueName":"search_term_string"}}],"inLanguage":"de"},{"@type":"Organization","@id":"https:\/\/www.ngl-germany.eu\/de\/#organization","name":"NGL Navigator Global Logistics GmbH","url":"https:\/\/www.ngl-germany.eu\/de\/","logo":{"@type":"ImageObject","inLanguage":"de","@id":"https:\/\/www.ngl-germany.eu\/de\/#\/schema\/logo\/image\/","url":"https:\/\/www.ngl-germany.eu\/wp-content\/uploads\/2016\/11\/ngl_logo_seite.jpg","contentUrl":"https:\/\/www.ngl-germany.eu\/wp-content\/uploads\/2016\/11\/ngl_logo_seite.jpg","width":524,"height":171,"caption":"NGL Navigator Global Logistics GmbH"},"image":{"@id":"https:\/\/www.ngl-germany.eu\/de\/#\/schema\/logo\/image\/"}}]}},"_links":{"self":[{"href":"https:\/\/www.ngl-germany.eu\/de\/wp-json\/wp\/v2\/pages\/1576","targetHints":{"allow":["GET"]}}],"collection":[{"href":"https:\/\/www.ngl-germany.eu\/de\/wp-json\/wp\/v2\/pages"}],"about":[{"href":"https:\/\/www.ngl-germany.eu\/de\/wp-json\/wp\/v2\/types\/page"}],"author":[{"embeddable":true,"href":"https:\/\/www.ngl-germany.eu\/de\/wp-json\/wp\/v2\/users\/1"}],"replies":[{"embeddable":true,"href":"https:\/\/www.ngl-germany.eu\/de\/wp-json\/wp\/v2\/comments?post=1576"}],"version-history":[{"count":2,"href":"https:\/\/www.ngl-germany.eu\/de\/wp-json\/wp\/v2\/pages\/1576\/revisions"}],"predecessor-version":[{"id":5738,"href":"https:\/\/www.ngl-germany.eu\/de\/wp-json\/wp\/v2\/pages\/1576\/revisions\/5738"}],"wp:attachment":[{"href":"https:\/\/www.ngl-germany.eu\/de\/wp-json\/wp\/v2\/media?parent=1576"}],"curies":[{"name":"wp","href":"https:\/\/api.w.org\/{rel}","templated":true}]}}